{"id":65,"date":"2014-09-25T12:13:02","date_gmt":"2014-09-25T10:13:02","guid":{"rendered":"http:\/\/194.126.200.53\/~helenebo\/heleneborg\/?page_id=65"},"modified":"2017-01-19T15:04:20","modified_gmt":"2017-01-19T14:04:20","slug":"where-to-find-us","status":"publish","type":"page","link":"https:\/\/www.heleneborg.se\/sv\/where-to-find-us\/","title":{"rendered":"Hitta hit"},"content":{"rendered":"<p><strong>Heleneborgs G\u00e5rd<\/strong><br \/>\nHeleneborg 26<br \/>\n92267 Tavelsj\u00f6<\/p>\n<p>070-209 53 75<\/p>\n<p><a href=\"torbjorn@www.heleneborg.se\">torbjorn@www.heleneborg.se<\/a><\/p>\n<p><iframe loading=\"lazy\" style=\"border: 0;\" src=\"https:\/\/www.google.com\/maps\/embed?pb=!1m14!1m8!1m3!1d224425.45176336096!2d20.215002507421918!3d63.93123483748942!3m2!1i1024!2i768!4f13.1!3m3!1m2!1s0x467c6cc9c6095799%3A0xd4df83fb97d640ea!2sHELENEBORG+26%2C+922+67+Tavelsj%C3%B6!5e0!3m2!1sde!2sse!4v1411677636125\" width=\"600\" height=\"450\" frameborder=\"0\"><\/iframe><\/p>\n<p><strong>V\u00e4gbeskrivning:<\/strong><\/p>\n<ul>\n<li>Tag v\u00e4g 363 fr\u00e5n Ume\u00e5 mot Sorsele.<\/li>\n<li>Efter ca 35 km, vid R\u00f6d\u00e5n\u00e4s, sv\u00e4ng h\u00f6ger mot Varmvattnet.<\/li>\n<li>Efter ca 3 km, i slutet av byn Kvarnsvedjan, sv\u00e4ng h\u00f6ger vid skylt V:a Varmvattnet\/Heleneborg.<\/li>\n<li>Efter ca 300 m sv\u00e4ng h\u00f6ger vid skylt Heleneborg.<\/li>\n<li>K\u00f6r 1 km till v\u00e4gen tar slut.<\/li>\n<\/ul>\n<p><\/p>","protected":false},"excerpt":{"rendered":"<p>Heleneborgs G\u00e5rd Heleneborg 26 92267 Tavelsj\u00f6 070-209 53 75 torbjorn@www.heleneborg.se V\u00e4gbeskrivning: Tag v\u00e4g 363 fr\u00e5n Ume\u00e5 mot Sorsele. Efter ca 35 km, vid R\u00f6d\u00e5n\u00e4s, sv\u00e4ng h\u00f6ger mot Varmvattnet. Efter ca <a class=\"more-link\" href=\"https:\/\/www.heleneborg.se\/sv\/where-to-find-us\/\">Continue Reading \u2192<\/a><\/p>\n","protected":false},"author":1,"featured_media":0,"parent":0,"menu_order":0,"comment_status":"closed","ping_status":"closed","template":"","meta":[],"_links":{"self":[{"href":"https:\/\/www.heleneborg.se\/sv\/wp-json\/wp\/v2\/pages\/65"}],"collection":[{"href":"https:\/\/www.heleneborg.se\/sv\/wp-json\/wp\/v2\/pages"}],"about":[{"href":"https:\/\/www.heleneborg.se\/sv\/wp-json\/wp\/v2\/types\/page"}],"author":[{"embeddable":true,"href":"https:\/\/www.heleneborg.se\/sv\/wp-json\/wp\/v2\/users\/1"}],"replies":[{"embeddable":true,"href":"https:\/\/www.heleneborg.se\/sv\/wp-json\/wp\/v2\/comments?post=65"}],"version-history":[{"count":9,"href":"https:\/\/www.heleneborg.se\/sv\/wp-json\/wp\/v2\/pages\/65\/revisions"}],"predecessor-version":[{"id":209,"href":"https:\/\/www.heleneborg.se\/sv\/wp-json\/wp\/v2\/pages\/65\/revisions\/209"}],"wp:attachment":[{"href":"https:\/\/www.heleneborg.se\/sv\/wp-json\/wp\/v2\/media?parent=65"}],"curies":[{"name":"wp","href":"https:\/\/api.w.org\/{rel}","templated":true}]}}