{"id":62,"date":"2014-09-25T12:10:04","date_gmt":"2014-09-25T10:10:04","guid":{"rendered":"http:\/\/194.126.200.53\/~helenebo\/heleneborg\/?page_id=62"},"modified":"2021-01-05T08:50:56","modified_gmt":"2021-01-05T07:50:56","slug":"about-us","status":"publish","type":"page","link":"https:\/\/www.heleneborg.se\/sv\/about-us\/","title":{"rendered":"Om oss"},"content":{"rendered":"<p>Heleneborgs G\u00e5rd med, fastighetsbeteckningen Kvarnsvedjan 1:7, \u00e4r mitt f\u00f6r\u00e4ldrahem. Boningshuset uppf\u00f6rdes 1918 och den ladug\u00e5rd, som jag och Marie Louise arbetar med att f\u00f6rvandla till en sm\u00e5skalig bes\u00f6ksanl\u00e4ggning, uppf\u00f6rdes av mina f\u00f6r\u00e4ldrar 1951. Ladug\u00e5rden byggdes f\u00f6r 6 kor och h\u00e4st men stallet kom senare att byggas ut f\u00f6r 10 kor. Stallet utrustades med r\u00f6rmj\u00f6lkningsanl\u00e4ggning vars glasr\u00f6r fortfarande sitter kvar i taket.<\/p>\n<p><img loading=\"lazy\" width=\"300\" height=\"300\" class=\"alignnone wp-image-88 size-medium\" style=\"float: right; margin-left: 15px;\" src=\"https:\/\/www.heleneborg.com\/wp-content\/uploads\/landlords-01-300x300.jpg\" alt=\"Marie Louise &amp; Torbj\u00f6rn\" srcset=\"https:\/\/www.heleneborg.se\/wp-content\/uploads\/landlords-01-300x300.jpg 300w, https:\/\/www.heleneborg.se\/wp-content\/uploads\/landlords-01-150x150.jpg 150w, https:\/\/www.heleneborg.se\/wp-content\/uploads\/landlords-01.jpg 320w\" sizes=\"(max-width: 300px) 100vw, 300px\" \/><\/p>\n<p>Mj\u00f6lkproduktionen p\u00e5gick fram till slutet av 1980-talet n\u00e4r mina f\u00f6r\u00e4ldrar gick i pension. D\u00e4refter har byggnaden fungerat som hela sl\u00e4ktens f\u00f6rr\u00e5d till 2006-2007 d\u00e5 vi flyttade hit fr\u00e5n Sollentuna och totalrenoverade och byggde ut boningshuset. Allt som blev \u00f6ver vid renoveringen har vi sparat f\u00f6r kommande behov.<\/p>\n<p>Arbetet med f\u00f6rvandlingen av ladug\u00e5rden \u00e4r v\u00e5rt gemensamma \u00e5tervinnings- och fritidsprojekt d\u00e4r Marie Louise sinne f\u00f6r arkitektur och inredning och mitt intresse f\u00f6r byggande och snickeri kommer v\u00e4l till pass. Drivkraften \u00e4r att vi b\u00e5de helt enkelt tycker att det \u00e4r s\u00e5 himla roligt.<\/p>\n<p>F\u00f6rutom ladug\u00e5rden har vi en timmerstuga och en timrad bagarstuga som vi hyr ut som korttidsboende. Bagarstugan som \u00e4r fr\u00e5n slutet av 18-talet har vi nyligen totalrenoverat med ny bakugn, braskamin, fullt utrustat k\u00f6k, badrum och sovloft samt en intilliggande sovstuga.<\/p>\n<p>Vi vill skapa en trivsam och v\u00e4lkomnande milj\u00f6 d\u00e4r folk kan trivas och k\u00e4nna sig hemma.<\/p>\n<p>V\u00e4lkomna till Heleneborgs G\u00e5rd<br \/>\nTorbj\u00f6rn Wennebro<br \/>\n070-209 53 75<\/p>\n<p><a href=\"torbjorn@heleneborg.se\">torbjorn@heleneborg.se<\/a><\/p>\n<p>&nbsp;<\/p>","protected":false},"excerpt":{"rendered":"<p>Heleneborgs G\u00e5rd med, fastighetsbeteckningen Kvarnsvedjan 1:7, \u00e4r mitt f\u00f6r\u00e4ldrahem. Boningshuset uppf\u00f6rdes 1918 och den ladug\u00e5rd, som jag och Marie Louise arbetar med att f\u00f6rvandla till en sm\u00e5skalig bes\u00f6ksanl\u00e4ggning, uppf\u00f6rdes av <a class=\"more-link\" href=\"https:\/\/www.heleneborg.se\/sv\/about-us\/\">Continue Reading \u2192<\/a><\/p>\n","protected":false},"author":1,"featured_media":87,"parent":0,"menu_order":0,"comment_status":"closed","ping_status":"closed","template":"","meta":[],"_links":{"self":[{"href":"https:\/\/www.heleneborg.se\/sv\/wp-json\/wp\/v2\/pages\/62"}],"collection":[{"href":"https:\/\/www.heleneborg.se\/sv\/wp-json\/wp\/v2\/pages"}],"about":[{"href":"https:\/\/www.heleneborg.se\/sv\/wp-json\/wp\/v2\/types\/page"}],"author":[{"embeddable":true,"href":"https:\/\/www.heleneborg.se\/sv\/wp-json\/wp\/v2\/users\/1"}],"replies":[{"embeddable":true,"href":"https:\/\/www.heleneborg.se\/sv\/wp-json\/wp\/v2\/comments?post=62"}],"version-history":[{"count":12,"href":"https:\/\/www.heleneborg.se\/sv\/wp-json\/wp\/v2\/pages\/62\/revisions"}],"predecessor-version":[{"id":524,"href":"https:\/\/www.heleneborg.se\/sv\/wp-json\/wp\/v2\/pages\/62\/revisions\/524"}],"wp:featuredmedia":[{"embeddable":true,"href":"https:\/\/www.heleneborg.se\/sv\/wp-json\/wp\/v2\/media\/87"}],"wp:attachment":[{"href":"https:\/\/www.heleneborg.se\/sv\/wp-json\/wp\/v2\/media?parent=62"}],"curies":[{"name":"wp","href":"https:\/\/api.w.org\/{rel}","templated":true}]}}