{"id":6,"date":"2014-09-22T21:43:29","date_gmt":"2014-09-22T21:43:29","guid":{"rendered":"http:\/\/194.126.200.53\/~helenebo\/heleneborg\/?page_id=6"},"modified":"2025-11-02T13:25:26","modified_gmt":"2025-11-02T12:25:26","slug":"home","status":"publish","type":"page","link":"https:\/\/www.heleneborg.se\/sv\/","title":{"rendered":"Hem"},"content":{"rendered":"<p><\/p>\n<h2><span style=\"color: #ff0000;\">V\u00e4lkommen till 2025\u00a0\u00e5rs julshow p\u00e5 h\u00f6logen\u00a0med\u00a0<\/span><\/h2>\n<p><img loading=\"lazy\" class=\"alignnone size-medium wp-image-586\" src=\"http:\/\/www.heleneborg.se\/wp-content\/uploads\/Slabang_shadows-300x84.png\" alt=\"\" width=\"300\" height=\"84\" srcset=\"https:\/\/www.heleneborg.se\/wp-content\/uploads\/Slabang_shadows-300x84.png 300w, https:\/\/www.heleneborg.se\/wp-content\/uploads\/Slabang_shadows-1024x287.png 1024w, https:\/\/www.heleneborg.se\/wp-content\/uploads\/Slabang_shadows-768x215.png 768w, https:\/\/www.heleneborg.se\/wp-content\/uploads\/Slabang_shadows-1536x430.png 1536w, https:\/\/www.heleneborg.se\/wp-content\/uploads\/Slabang_shadows.png 2000w\" sizes=\"(max-width: 300px) 100vw, 300px\" \/> <img loading=\"lazy\" class=\"alignnone size-medium wp-image-587\" src=\"http:\/\/www.heleneborg.se\/wp-content\/uploads\/image0-300x225.jpeg\" alt=\"\" width=\"300\" height=\"225\" data-wp-editing=\"1\" srcset=\"https:\/\/www.heleneborg.se\/wp-content\/uploads\/image0-300x225.jpeg 300w, https:\/\/www.heleneborg.se\/wp-content\/uploads\/image0.jpeg 640w\" sizes=\"(max-width: 300px) 100vw, 300px\" \/><\/p>\n<h4>L\u00f6rdag den 6\/12 kl. 18.00<\/h4>\n<h4>S\u00f6ndag den 7\/12 kl 15.00<\/h4>\n<h4>350:-\/person. Anm\u00e4lan via SMS\/telefon till 070-209 53 75.<\/h4>\n<p>Ange dag, ditt namn och antal personer. Begr\u00e4nsat antal platser, f\u00f6rst till kvan&#8230;<\/p>\n<p>N\u00e4r du f\u00e5tt besked om plats vis SMS betalar du med Swish till 070-209 53 75.<\/p>\n<p>I pausen bjuds p\u00e5 gl\u00f6gg, kaffe\/te och tilltugg i Stallet och ladug\u00e5rdsporten.<\/p>\n<p>Kl\u00e4 er varmt. Logen \u00e4r uppv\u00e4rmd men h\u00e5ller inte rumstemperatur.<\/p>\n<p>&nbsp;<\/p>\n<h1>Hej och v\u00e4lkommen!<\/h1>\n<p>V\u00e4lkommen till oss p\u00e5 Heleneborgs g\u00e5rd i den natursk\u00f6na Tavelsj\u00f6bygden mellan Ume\u00e5 och Vindeln i V\u00e4sterbottens l\u00e4n. H\u00e4r kan du bo i n\u00e5got av v\u00e5ra v\u00e4lutrustade mysiga boenden &#8211; Timmerstugan, Bagarstugan eller Ladug\u00e5rden.<\/p>\n<p>Hos oss kan du f\u00f6rl\u00e4gga mindre kalas, m\u00f6ten och konferenser \u00a0i v\u00e5r unika m\u00f6teslokal i det ombyggda stallet med tillh\u00f6rande k\u00f6k, terrass och utomhus-spa med bastu och Spa-bad f\u00f6r 8 personer.<\/p>\n<p>I v\u00e5r festlokal p\u00e5 h\u00f6logen finns plats f\u00f6r 60 sittande g\u00e4ster l\u00e4mplig f\u00f6r \u00a0f\u00f6delsedagskalas, br\u00f6llop och konferenser under sommarhalv\u00e5ret<\/p>\n<p>Vi erbjuder stressfri milj\u00f6 f\u00f6r b\u00e5de avkoppling och kreativa m\u00f6ten.<br \/>\nV\u00e4lkomna!<\/p>\n<p><a href=\"torbjorn@heleneborg.se\">torbjorn@heleneborg.se<\/a><br \/>\n<a href=\"http:\/\/www.heleneborg.se\">http:\/\/www.heleneborg.se<\/a><br \/>\n070-2095375<\/p>\n<p>&nbsp;<\/p>","protected":false},"excerpt":{"rendered":"<p>V\u00e4lkommen till 2025\u00a0\u00e5rs julshow p\u00e5 h\u00f6logen\u00a0med\u00a0 L\u00f6rdag den 6\/12 kl. 18.00 S\u00f6ndag den 7\/12 kl 15.00 350:-\/person. Anm\u00e4lan via SMS\/telefon till 070-209 53 75. Ange dag, ditt namn och antal <a class=\"more-link\" href=\"https:\/\/www.heleneborg.se\/sv\/\">Continue Reading \u2192<\/a><\/p>\n","protected":false},"author":1,"featured_media":0,"parent":0,"menu_order":0,"comment_status":"open","ping_status":"open","template":"","meta":[],"_links":{"self":[{"href":"https:\/\/www.heleneborg.se\/sv\/wp-json\/wp\/v2\/pages\/6"}],"collection":[{"href":"https:\/\/www.heleneborg.se\/sv\/wp-json\/wp\/v2\/pages"}],"about":[{"href":"https:\/\/www.heleneborg.se\/sv\/wp-json\/wp\/v2\/types\/page"}],"author":[{"embeddable":true,"href":"https:\/\/www.heleneborg.se\/sv\/wp-json\/wp\/v2\/users\/1"}],"replies":[{"embeddable":true,"href":"https:\/\/www.heleneborg.se\/sv\/wp-json\/wp\/v2\/comments?post=6"}],"version-history":[{"count":39,"href":"https:\/\/www.heleneborg.se\/sv\/wp-json\/wp\/v2\/pages\/6\/revisions"}],"predecessor-version":[{"id":589,"href":"https:\/\/www.heleneborg.se\/sv\/wp-json\/wp\/v2\/pages\/6\/revisions\/589"}],"wp:attachment":[{"href":"https:\/\/www.heleneborg.se\/sv\/wp-json\/wp\/v2\/media?parent=6"}],"curies":[{"name":"wp","href":"https:\/\/api.w.org\/{rel}","templated":true}]}}