{"id":51,"date":"2014-09-25T11:59:29","date_gmt":"2014-09-25T09:59:29","guid":{"rendered":"http:\/\/194.126.200.53\/~helenebo\/heleneborg\/?page_id=51"},"modified":"2021-01-05T15:33:58","modified_gmt":"2021-01-05T14:33:58","slug":"terrace-spa","status":"publish","type":"page","link":"https:\/\/www.heleneborg.se\/sv\/terrace-spa\/","title":{"rendered":"Terass &#038; spa"},"content":{"rendered":"<p><div id=\"attachment_464\" style=\"width: 299px\" class=\"wp-caption alignright\"><img aria-describedby=\"caption-attachment-464\" loading=\"lazy\" class=\"wp-image-464\" src=\"http:\/\/www.heleneborg.se\/wp-content\/uploads\/UNADJUSTEDNONRAW_thumb_4034-300x225.jpg\" alt=\"\" width=\"289\" height=\"216\" srcset=\"https:\/\/www.heleneborg.se\/wp-content\/uploads\/UNADJUSTEDNONRAW_thumb_4034-300x225.jpg 300w, https:\/\/www.heleneborg.se\/wp-content\/uploads\/UNADJUSTEDNONRAW_thumb_4034-768x576.jpg 768w, https:\/\/www.heleneborg.se\/wp-content\/uploads\/UNADJUSTEDNONRAW_thumb_4034.jpg 1024w\" sizes=\"(max-width: 289px) 100vw, 289px\" \/><p id=\"caption-attachment-464\" class=\"wp-caption-text\">Spabad f\u00f6r 8 personer kan hyras<\/p><\/div><\/p>\n<p>Mot sydost har vi d\u00e4ckad \u00f6ver g\u00f6dselplattan med en stor terrass med utsikt mot dalg\u00e5ngen och Kvarnhusberget.<\/p>\n<p>En trappa ner i markplanet har vi byggt ett \u201dtorg\u201d avgr\u00e4nsat av vedeldad bastustuga och ett Spa-bad f\u00f6r 8 personer. Ett ypperligt st\u00e4lle f\u00f6r samvaro, avslappning och prat.<\/p>\n<p>&nbsp;<\/p>\n<p><div id=\"attachment_466\" style=\"width: 299px\" class=\"wp-caption alignright\"><img aria-describedby=\"caption-attachment-466\" loading=\"lazy\" class=\"wp-image-466\" src=\"http:\/\/www.heleneborg.se\/wp-content\/uploads\/DSCF5197-300x225.jpg\" alt=\"\" width=\"289\" height=\"217\" srcset=\"https:\/\/www.heleneborg.se\/wp-content\/uploads\/DSCF5197-300x225.jpg 300w, https:\/\/www.heleneborg.se\/wp-content\/uploads\/DSCF5197-768x576.jpg 768w, https:\/\/www.heleneborg.se\/wp-content\/uploads\/DSCF5197-1024x768.jpg 1024w\" sizes=\"(max-width: 289px) 100vw, 289px\" \/><p id=\"caption-attachment-466\" class=\"wp-caption-text\">Vedeldad bastu kan hyras.<\/p><\/div><\/p>","protected":false},"excerpt":{"rendered":"<p>Mot sydost har vi d\u00e4ckad \u00f6ver g\u00f6dselplattan med en stor terrass med utsikt mot dalg\u00e5ngen och Kvarnhusberget. En trappa ner i markplanet har vi byggt ett \u201dtorg\u201d avgr\u00e4nsat av vedeldad <a class=\"more-link\" href=\"https:\/\/www.heleneborg.se\/sv\/terrace-spa\/\">Continue Reading \u2192<\/a><\/p>\n","protected":false},"author":1,"featured_media":394,"parent":0,"menu_order":0,"comment_status":"closed","ping_status":"closed","template":"","meta":[],"_links":{"self":[{"href":"https:\/\/www.heleneborg.se\/sv\/wp-json\/wp\/v2\/pages\/51"}],"collection":[{"href":"https:\/\/www.heleneborg.se\/sv\/wp-json\/wp\/v2\/pages"}],"about":[{"href":"https:\/\/www.heleneborg.se\/sv\/wp-json\/wp\/v2\/types\/page"}],"author":[{"embeddable":true,"href":"https:\/\/www.heleneborg.se\/sv\/wp-json\/wp\/v2\/users\/1"}],"replies":[{"embeddable":true,"href":"https:\/\/www.heleneborg.se\/sv\/wp-json\/wp\/v2\/comments?post=51"}],"version-history":[{"count":15,"href":"https:\/\/www.heleneborg.se\/sv\/wp-json\/wp\/v2\/pages\/51\/revisions"}],"predecessor-version":[{"id":531,"href":"https:\/\/www.heleneborg.se\/sv\/wp-json\/wp\/v2\/pages\/51\/revisions\/531"}],"wp:featuredmedia":[{"embeddable":true,"href":"https:\/\/www.heleneborg.se\/sv\/wp-json\/wp\/v2\/media\/394"}],"wp:attachment":[{"href":"https:\/\/www.heleneborg.se\/sv\/wp-json\/wp\/v2\/media?parent=51"}],"curies":[{"name":"wp","href":"https:\/\/api.w.org\/{rel}","templated":true}]}}