{"id":431,"date":"2020-03-31T20:25:53","date_gmt":"2020-03-31T18:25:53","guid":{"rendered":"http:\/\/www.heleneborg.se\/?page_id=431"},"modified":"2020-12-30T13:53:38","modified_gmt":"2020-12-30T12:53:38","slug":"mellanrummet","status":"publish","type":"page","link":"https:\/\/www.heleneborg.se\/sv\/mellanrummet\/","title":{"rendered":"Mellanrummet"},"content":{"rendered":"<p><strong>Mellanrummet<\/strong>\u00a0\u00e4r ett dubbelrum med golvv\u00e4rme, separata s\u00e4ngar, garderob, tv\u00e4ttst\u00e4ll, vattenkokare, ett litet kylsk\u00e5p och tillg\u00e5ng till 300 Mbit Wi-Fi. Tillg\u00e5ng till nyrenoverat helkaklat <strong>badrum<\/strong> och v\u00e4lutrustat <strong>k\u00f6k<\/strong> i Stallet p\u00e5 bottenv\u00e5ningen.<\/p>\n<p>Rummen hyrs ut med b\u00e4ddade s\u00e4ngar och handdukar.<\/p>\n<p><div id=\"attachment_445\" style=\"width: 310px\" class=\"wp-caption alignnone\"><img aria-describedby=\"caption-attachment-445\" loading=\"lazy\" class=\"size-medium wp-image-445\" src=\"http:\/\/www.heleneborg.se\/wp-content\/uploads\/IMG_0224-300x225.jpeg\" alt=\"\" width=\"300\" height=\"225\" srcset=\"https:\/\/www.heleneborg.se\/wp-content\/uploads\/IMG_0224-300x225.jpeg 300w, https:\/\/www.heleneborg.se\/wp-content\/uploads\/IMG_0224-768x576.jpeg 768w, https:\/\/www.heleneborg.se\/wp-content\/uploads\/IMG_0224-1024x768.jpeg 1024w\" sizes=\"(max-width: 300px) 100vw, 300px\" \/><p id=\"caption-attachment-445\" class=\"wp-caption-text\">Tv\u00e4ttst\u00e4ll med varmt och kallt vatten.<\/p><\/div><\/p>","protected":false},"excerpt":{"rendered":"<p>Mellanrummet\u00a0\u00e4r ett dubbelrum med golvv\u00e4rme, separata s\u00e4ngar, garderob, tv\u00e4ttst\u00e4ll, vattenkokare, ett litet kylsk\u00e5p och tillg\u00e5ng till 300 Mbit Wi-Fi. Tillg\u00e5ng till nyrenoverat helkaklat badrum och v\u00e4lutrustat k\u00f6k i Stallet p\u00e5 <a class=\"more-link\" href=\"https:\/\/www.heleneborg.se\/sv\/mellanrummet\/\">Continue Reading \u2192<\/a><\/p>\n","protected":false},"author":1,"featured_media":457,"parent":0,"menu_order":0,"comment_status":"closed","ping_status":"closed","template":"","meta":[],"_links":{"self":[{"href":"https:\/\/www.heleneborg.se\/sv\/wp-json\/wp\/v2\/pages\/431"}],"collection":[{"href":"https:\/\/www.heleneborg.se\/sv\/wp-json\/wp\/v2\/pages"}],"about":[{"href":"https:\/\/www.heleneborg.se\/sv\/wp-json\/wp\/v2\/types\/page"}],"author":[{"embeddable":true,"href":"https:\/\/www.heleneborg.se\/sv\/wp-json\/wp\/v2\/users\/1"}],"replies":[{"embeddable":true,"href":"https:\/\/www.heleneborg.se\/sv\/wp-json\/wp\/v2\/comments?post=431"}],"version-history":[{"count":5,"href":"https:\/\/www.heleneborg.se\/sv\/wp-json\/wp\/v2\/pages\/431\/revisions"}],"predecessor-version":[{"id":475,"href":"https:\/\/www.heleneborg.se\/sv\/wp-json\/wp\/v2\/pages\/431\/revisions\/475"}],"wp:featuredmedia":[{"embeddable":true,"href":"https:\/\/www.heleneborg.se\/sv\/wp-json\/wp\/v2\/media\/457"}],"wp:attachment":[{"href":"https:\/\/www.heleneborg.se\/sv\/wp-json\/wp\/v2\/media?parent=431"}],"curies":[{"name":"wp","href":"https:\/\/api.w.org\/{rel}","templated":true}]}}