{"id":347,"date":"2020-03-17T17:26:18","date_gmt":"2020-03-17T16:26:18","guid":{"rendered":"http:\/\/www.heleneborg.se\/?page_id=347"},"modified":"2020-03-22T17:25:43","modified_gmt":"2020-03-22T16:25:43","slug":"logen-festlokal","status":"publish","type":"page","link":"https:\/\/www.heleneborg.se\/sv\/logen-festlokal\/","title":{"rendered":"Logen, festlokal"},"content":{"rendered":"<p>I den f d h\u00f6logen ovanf\u00f6r Stallet erbjuder vi festlokal sommartid f\u00f6r upp till 60 sittande g\u00e4ster med scen, ljudanl\u00e4ggning och bildprojektor. Dukning kan varieras beroende p\u00e5 aktivitet fr\u00e5n biosittning, sm\u00e5bord av varierande storlek till l\u00e5ngbord med honn\u00f6rsbord och tungor.<\/p>\n<div id=\"attachment_419\" style=\"width: 310px\" class=\"wp-caption alignnone\"><img aria-describedby=\"caption-attachment-419\" loading=\"lazy\" class=\"size-medium wp-image-419\" src=\"http:\/\/www.heleneborg.se\/wp-content\/uploads\/UNADJUSTEDNONRAW_thumb_3ce1-300x225.jpg\" alt=\"\" width=\"300\" height=\"225\" srcset=\"https:\/\/www.heleneborg.se\/wp-content\/uploads\/UNADJUSTEDNONRAW_thumb_3ce1-300x225.jpg 300w, https:\/\/www.heleneborg.se\/wp-content\/uploads\/UNADJUSTEDNONRAW_thumb_3ce1-768x576.jpg 768w, https:\/\/www.heleneborg.se\/wp-content\/uploads\/UNADJUSTEDNONRAW_thumb_3ce1.jpg 1024w\" sizes=\"(max-width: 300px) 100vw, 300px\" \/><p id=\"caption-attachment-419\" class=\"wp-caption-text\">Dukning med tv\u00e5 tungt och vita stols\u00f6verdrag<\/p><\/div>\n<div id=\"attachment_351\" style=\"width: 310px\" class=\"wp-caption alignnone\"><img aria-describedby=\"caption-attachment-351\" loading=\"lazy\" class=\"wp-image-351 size-medium\" src=\"http:\/\/www.heleneborg.se\/wp-content\/uploads\/thumb_IMG_1493_1024-2-300x225.jpg\" alt=\"\" width=\"300\" height=\"225\" srcset=\"https:\/\/www.heleneborg.se\/wp-content\/uploads\/thumb_IMG_1493_1024-2-300x225.jpg 300w, https:\/\/www.heleneborg.se\/wp-content\/uploads\/thumb_IMG_1493_1024-2-768x576.jpg 768w, https:\/\/www.heleneborg.se\/wp-content\/uploads\/thumb_IMG_1493_1024-2.jpg 1024w\" sizes=\"(max-width: 300px) 100vw, 300px\" \/><p id=\"caption-attachment-351\" class=\"wp-caption-text\">Dukning med tre tungor.<\/p><\/div>\n<div id=\"attachment_352\" style=\"width: 310px\" class=\"wp-caption alignnone\"><img aria-describedby=\"caption-attachment-352\" loading=\"lazy\" class=\"wp-image-352 size-medium\" src=\"http:\/\/www.heleneborg.se\/wp-content\/uploads\/thumb_IMG_2345_1024-300x225.jpg\" alt=\"\" width=\"300\" height=\"225\" srcset=\"https:\/\/www.heleneborg.se\/wp-content\/uploads\/thumb_IMG_2345_1024-300x225.jpg 300w, https:\/\/www.heleneborg.se\/wp-content\/uploads\/thumb_IMG_2345_1024-768x576.jpg 768w, https:\/\/www.heleneborg.se\/wp-content\/uploads\/thumb_IMG_2345_1024.jpg 1024w\" sizes=\"(max-width: 300px) 100vw, 300px\" \/><p id=\"caption-attachment-352\" class=\"wp-caption-text\">Logen dukad med l\u00e5ngbord f\u00f6r en mindre fest.<\/p><\/div>\n<div id=\"attachment_353\" style=\"width: 310px\" class=\"wp-caption alignnone\"><img aria-describedby=\"caption-attachment-353\" loading=\"lazy\" class=\"wp-image-353 size-medium\" src=\"http:\/\/www.heleneborg.se\/wp-content\/uploads\/thumb_IMG_2441_1024-300x225.jpg\" alt=\"\" width=\"300\" height=\"225\" srcset=\"https:\/\/www.heleneborg.se\/wp-content\/uploads\/thumb_IMG_2441_1024-300x225.jpg 300w, https:\/\/www.heleneborg.se\/wp-content\/uploads\/thumb_IMG_2441_1024-768x576.jpg 768w, https:\/\/www.heleneborg.se\/wp-content\/uploads\/thumb_IMG_2441_1024.jpg 1024w\" sizes=\"(max-width: 300px) 100vw, 300px\" \/><p id=\"caption-attachment-353\" class=\"wp-caption-text\">Dukning med 6 bord f\u00f6r 10 personer vardera.<\/p><\/div>\n<div id=\"attachment_355\" style=\"width: 310px\" class=\"wp-caption alignnone\"><img aria-describedby=\"caption-attachment-355\" loading=\"lazy\" class=\"wp-image-355 size-medium\" src=\"http:\/\/www.heleneborg.se\/wp-content\/uploads\/thumb_IMG_1526_1024-2-300x225.jpg\" alt=\"\" width=\"300\" height=\"225\" srcset=\"https:\/\/www.heleneborg.se\/wp-content\/uploads\/thumb_IMG_1526_1024-2-300x225.jpg 300w, https:\/\/www.heleneborg.se\/wp-content\/uploads\/thumb_IMG_1526_1024-2-768x576.jpg 768w, https:\/\/www.heleneborg.se\/wp-content\/uploads\/thumb_IMG_1526_1024-2.jpg 1024w\" sizes=\"(max-width: 300px) 100vw, 300px\" \/><p id=\"caption-attachment-355\" class=\"wp-caption-text\">Dukning med 6 bord med 8 personer per bord.<\/p><\/div>\n<p><style id=\"bwg-style-0\">    #bwg_container1_0 #bwg_container2_0 .bwg-container-0.bwg-standard-thumbnails {      width: 904px;              justify-content: center;        margin:0 auto !important;              background-color: rgba(255, 255, 255, 0.00);            padding-left: 4px;      padding-top: 4px;      max-width: 100%;            }        #bwg_container1_0 #bwg_container2_0 .bwg-container-0.bwg-standard-thumbnails .bwg-item {      justify-content: flex-start;      max-width: 180px;            width: 180px !important;          }    #bwg_container1_0 #bwg_container2_0 .bwg-container-0.bwg-standard-thumbnails .bwg-item > a {       margin-right: 4px;       margin-bottom: 4px;    }    #bwg_container1_0 #bwg_container2_0 .bwg-container-0.bwg-standard-thumbnails .bwg-item0 {      padding: 0px;            background-color:rgba(255,255,255, 0.30);      border: 0px none #CCCCCC;      opacity: 1.00;      border-radius: 0;      box-shadow: 0px 0px 0px #888888;    }    #bwg_container1_0 #bwg_container2_0 .bwg-container-0.bwg-standard-thumbnails .bwg-item1 img {      max-height: none;      max-width: none;      padding: 0 !important;    }        @media only screen and (min-width: 480px) {      #bwg_container1_0 #bwg_container2_0 .bwg-container-0.bwg-standard-thumbnails .bwg-item0 {        transition: all 0.3s ease 0s;-webkit-transition: all 0.3s ease 0s;      }      #bwg_container1_0 #bwg_container2_0 .bwg-container-0.bwg-standard-thumbnails .bwg-item0:hover {        -ms-transform: scale(1.1);        -webkit-transform: scale(1.1);        transform: scale(1.1);      }    }          #bwg_container1_0 #bwg_container2_0 .bwg-container-0.bwg-standard-thumbnails .bwg-item1 {      padding-top: 50%;    }        #bwg_container1_0 #bwg_container2_0 .bwg-container-0.bwg-standard-thumbnails .bwg-title2,    #bwg_container1_0 #bwg_container2_0 .bwg-container-0.bwg-standard-thumbnails .bwg-ecommerce2 {      color: #CCCCCC;      font-family: segoe ui;      font-size: 16px;      font-weight: bold;      padding: 2px;      text-shadow: 0px 0px 0px #888888;      max-height: 100%;    }    #bwg_container1_0 #bwg_container2_0 .bwg-container-0.bwg-standard-thumbnails .bwg-thumb-description span {    color: #323A45;    font-family: Ubuntu;    font-size: 12px;    max-height: 100%;    word-wrap: break-word;    }    #bwg_container1_0 #bwg_container2_0 .bwg-container-0.bwg-standard-thumbnails .bwg-play-icon2 {      font-size: 32px;    }    #bwg_container1_0 #bwg_container2_0 .bwg-container-0.bwg-standard-thumbnails .bwg-ecommerce2 {      font-size: 19.2px;      color: #CCCCCC;    }    <\/style>    <div id=\"bwg_container1_0\"         class=\"bwg_container bwg_thumbnail bwg_thumbnails\"         data-right-click-protection=\"0\"         data-bwg=\"0\"         data-gallery-type=\"thumbnails\"         data-current-url=\"https:\/\/www.heleneborg.se\/sv\/wp-json\/wp\/v2\/pages\/347\"         data-lightbox-url=\"https:\/\/www.heleneborg.se\/wp-admin\/admin-ajax.php?action=GalleryBox&current_view=0&gallery_id=5&tag=0&theme_id=1&shortcode_id=17&sort_by=order&order_by=asc&current_url=https%3A%2F%2Fwww.heleneborg.se%2Fsv%2Fwp-json%2Fwp%2Fv2%2Fpages%2F347\"         data-gallery-id=\"5\"         data-popup-width=\"800\"         data-popup-height=\"500\"         data-is-album=\"gallery\"         data-buttons-position=\"bottom\">      <div id=\"bwg_container2_0\">             <div id=\"ajax_loading_0\" class=\"bwg_loading_div_1\">      <div class=\"bwg_loading_div_2\">        <div class=\"bwg_loading_div_3\">          <div id=\"loading_div_0\" class=\"bwg_spider_ajax_loading\">          <\/div>        <\/div>      <\/div>    <\/div>            <form id=\"gal_front_form_0\"              class=\"bwg-hidden\"              method=\"post\"              action=\"#\"              data-current=\"0\"              data-shortcode-id=\"17\"              data-gallery-type=\"thumbnails\"              data-gallery-id=\"5\"              data-tag=\"0\"              data-album-id=\"0\"              data-theme-id=\"1\"              data-ajax-url=\"https:\/\/www.heleneborg.se\/wp-admin\/admin-ajax.php?action=bwg_frontend_data\">          <div id=\"bwg_container3_0\" class=\"bwg-background bwg-background-0\">                <div data-max-count=\"5\"         data-thumbnail-width=\"180\"         data-bwg=\"0\"         data-gallery-id=\"5\"         data-lightbox-url=\"https:\/\/www.heleneborg.se\/wp-admin\/admin-ajax.php?action=GalleryBox&current_view=0&gallery_id=5&tag=0&theme_id=1&shortcode_id=17&sort_by=order&order_by=asc&current_url=https%3A%2F%2Fwww.heleneborg.se%2Fsv%2Fwp-json%2Fwp%2Fv2%2Fpages%2F347\"         id=\"bwg_thumbnails_0\"         class=\"bwg-container-0 bwg-thumbnails bwg-standard-thumbnails bwg-container bwg-border-box\">            <div class=\"bwg-item\">        <a class=\"bwg-a bwg_lightbox\"  data-image-id=\"32\" href=\"https:\/\/www.heleneborg.se\/wp-content\/uploads\/photo-gallery\/fest 10.jpg\" data-elementor-open-lightbox=\"no\" >                <div class=\"bwg-item0 \">          <div class=\"bwg-item1 \">            <div class=\"bwg-item2\">              <img class=\"skip-lazy bwg_standart_thumb_img_0 \"                   data-id=\"32\"                   data-width=\"\"                   data-height=\"\"                   data-original=\"https:\/\/www.heleneborg.se\/wp-content\/uploads\/photo-gallery\/thumb\/fest 10.jpg\"                   src=\"https:\/\/www.heleneborg.se\/wp-content\/uploads\/photo-gallery\/thumb\/fest 10.jpg\"                   alt=\"fest 10\" \/>            <\/div>            <div class=\"\">                                                      <\/div>          <\/div>        <\/div>                        <\/a>              <\/div>            <div class=\"bwg-item\">        <a class=\"bwg-a bwg_lightbox\"  data-image-id=\"30\" href=\"https:\/\/www.heleneborg.se\/wp-content\/uploads\/photo-gallery\/fest 08.jpg\" data-elementor-open-lightbox=\"no\" >                <div class=\"bwg-item0 \">          <div class=\"bwg-item1 \">            <div class=\"bwg-item2\">              <img class=\"skip-lazy bwg_standart_thumb_img_0 \"                   data-id=\"30\"                   data-width=\"\"                   data-height=\"\"                   data-original=\"https:\/\/www.heleneborg.se\/wp-content\/uploads\/photo-gallery\/thumb\/fest 08.jpg\"                   src=\"https:\/\/www.heleneborg.se\/wp-content\/uploads\/photo-gallery\/thumb\/fest 08.jpg\"                   alt=\"fest 08\" \/>            <\/div>            <div class=\"\">                                                      <\/div>          <\/div>        <\/div>                        <\/a>              <\/div>            <div class=\"bwg-item\">        <a class=\"bwg-a bwg_lightbox\"  data-image-id=\"29\" href=\"https:\/\/www.heleneborg.se\/wp-content\/uploads\/photo-gallery\/fest 07.jpg\" data-elementor-open-lightbox=\"no\" >                <div class=\"bwg-item0 \">          <div class=\"bwg-item1 \">            <div class=\"bwg-item2\">              <img class=\"skip-lazy bwg_standart_thumb_img_0 \"                   data-id=\"29\"                   data-width=\"\"                   data-height=\"\"                   data-original=\"https:\/\/www.heleneborg.se\/wp-content\/uploads\/photo-gallery\/thumb\/fest 07.jpg\"                   src=\"https:\/\/www.heleneborg.se\/wp-content\/uploads\/photo-gallery\/thumb\/fest 07.jpg\"                   alt=\"fest 07\" \/>            <\/div>            <div class=\"\">                                                      <\/div>          <\/div>        <\/div>                        <\/a>              <\/div>            <div class=\"bwg-item\">        <a class=\"bwg-a bwg_lightbox\"  data-image-id=\"28\" href=\"https:\/\/www.heleneborg.se\/wp-content\/uploads\/photo-gallery\/fest 06.jpg\" data-elementor-open-lightbox=\"no\" >                <div class=\"bwg-item0 \">          <div class=\"bwg-item1 \">            <div class=\"bwg-item2\">              <img class=\"skip-lazy bwg_standart_thumb_img_0 \"                   data-id=\"28\"                   data-width=\"\"                   data-height=\"\"                   data-original=\"https:\/\/www.heleneborg.se\/wp-content\/uploads\/photo-gallery\/thumb\/fest 06.jpg\"                   src=\"https:\/\/www.heleneborg.se\/wp-content\/uploads\/photo-gallery\/thumb\/fest 06.jpg\"                   alt=\"fest 06\" \/>            <\/div>            <div class=\"\">                                                      <\/div>          <\/div>        <\/div>                        <\/a>              <\/div>            <div class=\"bwg-item\">        <a class=\"bwg-a bwg_lightbox\"  data-image-id=\"27\" href=\"https:\/\/www.heleneborg.se\/wp-content\/uploads\/photo-gallery\/fest 05.jpg\" data-elementor-open-lightbox=\"no\" >                <div class=\"bwg-item0 \">          <div class=\"bwg-item1 \">            <div class=\"bwg-item2\">              <img class=\"skip-lazy bwg_standart_thumb_img_0 \"                   data-id=\"27\"                   data-width=\"\"                   data-height=\"\"                   data-original=\"https:\/\/www.heleneborg.se\/wp-content\/uploads\/photo-gallery\/thumb\/fest 05.jpg\"                   src=\"https:\/\/www.heleneborg.se\/wp-content\/uploads\/photo-gallery\/thumb\/fest 05.jpg\"                   alt=\"fest 05\" \/>            <\/div>            <div class=\"\">                                                      <\/div>          <\/div>        <\/div>                        <\/a>              <\/div>            <div class=\"bwg-item\">        <a class=\"bwg-a bwg_lightbox\"  data-image-id=\"25\" href=\"https:\/\/www.heleneborg.se\/wp-content\/uploads\/photo-gallery\/fest 03.jpg\" data-elementor-open-lightbox=\"no\" >                <div class=\"bwg-item0 \">          <div class=\"bwg-item1 \">            <div class=\"bwg-item2\">              <img class=\"skip-lazy bwg_standart_thumb_img_0 \"                   data-id=\"25\"                   data-width=\"\"                   data-height=\"\"                   data-original=\"https:\/\/www.heleneborg.se\/wp-content\/uploads\/photo-gallery\/thumb\/fest 03.jpg\"                   src=\"https:\/\/www.heleneborg.se\/wp-content\/uploads\/photo-gallery\/thumb\/fest 03.jpg\"                   alt=\"fest 03\" \/>            <\/div>            <div class=\"\">                                                      <\/div>          <\/div>        <\/div>                        <\/a>              <\/div>            <div class=\"bwg-item\">        <a class=\"bwg-a bwg_lightbox\"  data-image-id=\"24\" href=\"https:\/\/www.heleneborg.se\/wp-content\/uploads\/photo-gallery\/fest 02.jpg\" data-elementor-open-lightbox=\"no\" >                <div class=\"bwg-item0 \">          <div class=\"bwg-item1 \">            <div class=\"bwg-item2\">              <img class=\"skip-lazy bwg_standart_thumb_img_0 \"                   data-id=\"24\"                   data-width=\"\"                   data-height=\"\"                   data-original=\"https:\/\/www.heleneborg.se\/wp-content\/uploads\/photo-gallery\/thumb\/fest 02.jpg\"                   src=\"https:\/\/www.heleneborg.se\/wp-content\/uploads\/photo-gallery\/thumb\/fest 02.jpg\"                   alt=\"fest 02\" \/>            <\/div>            <div class=\"\">                                                      <\/div>          <\/div>        <\/div>                        <\/a>              <\/div>          <\/div>    <style>      \/*pagination styles*\/      #bwg_container1_0 #bwg_container2_0 .tablenav-pages_0 {\t\t\t\ttext-align: center;\t\t\t\tfont-size: 12px;\t\t\t\tfont-family: segoe ui;\t\t\t\tfont-weight: bold;\t\t\t\tcolor: #666666;\t\t\t\tmargin: 6px 0 4px;\t\t\t\tdisplay: block;      }      @media only screen and (max-width : 320px) {      #bwg_container1_0 #bwg_container2_0 .displaying-num_0 {     \t display: none;      }      }      #bwg_container1_0 #bwg_container2_0 .displaying-num_0 {\t\t\t\tfont-size: 12px;\t\t\t\tfont-family: segoe ui;\t\t\t\tfont-weight: bold;\t\t\t\tcolor: #666666;\t\t\t\tmargin-right: 10px;\t\t\t\tvertical-align: middle;      }      #bwg_container1_0 #bwg_container2_0 .paging-input_0 {\t\t\t\tfont-size: 12px;\t\t\t\tfont-family: segoe ui;\t\t\t\tfont-weight: bold;\t\t\t\tcolor: #666666;\t\t\t\tvertical-align: middle;      }      #bwg_container1_0 #bwg_container2_0 .tablenav-pages_0 a.disabled,      #bwg_container1_0 #bwg_container2_0 .tablenav-pages_0 a.disabled:hover,      #bwg_container1_0 #bwg_container2_0 .tablenav-pages_0 a.disabled:focus,\t\t\t#bwg_container1_0 #bwg_container2_0 .tablenav-pages_0 input.bwg_current_page {\t\t\t\tcursor: default;\t\t\t\tcolor: rgba(102, 102, 102, 0.5);      }      #bwg_container1_0 #bwg_container2_0 .tablenav-pages_0 a,      #bwg_container1_0 #bwg_container2_0 .tablenav-pages_0 input.bwg_current_page {\t\t\t\tcursor: pointer;\t\t\t\ttext-align: center;\t\t\t\tfont-size: 12px;\t\t\t\tfont-family: segoe ui;\t\t\t\tfont-weight: bold;\t\t\t\tcolor: #666666;\t\t\t\ttext-decoration: none;\t\t\t\tpadding: 3px 6px;\t\t\t\tmargin: 0;\t\t\t\tborder-radius: 0;\t\t\t\tborder-style: solid;\t\t\t\tborder-width: 1px;\t\t\t\tborder-color: #E3E3E3;\t\t\t\tbackground-color: #FFFFFF;\t\t\t\topacity: 1.00;\t\t\t\tbox-shadow: 0;\t\t\t\ttransition: all 0.3s ease 0s;-webkit-transition: all 0.3s ease 0s;      }      <\/style>      <span class=\"bwg_nav_cont_0\">              <div class=\"tablenav-pages_0\">                  <\/div>                <input type=\"hidden\" id=\"page_number_0\" name=\"page_number_0\" value=\"1\" \/>      <script type=\"text\/javascript\">        function spider_page_0(cur, x, y, load_more) {          if (typeof load_more == \"undefined\") {            var load_more = false;          }          if (jQuery(cur).hasClass('disabled')) {            return false;          }          var items_county_0 = 1;          switch (y) {            case 1:              if (x >= items_county_0) {                document.getElementById('page_number_0').value = items_county_0;              }              else {                document.getElementById('page_number_0').value = x + 1;              }              break;            case 2:              document.getElementById('page_number_0').value = items_county_0;              break;            case -1:              if (x == 1) {                document.getElementById('page_number_0').value = 1;              }              else {                document.getElementById('page_number_0').value = x - 1;              }              break;            case -2:              document.getElementById('page_number_0').value = 1;              break;\t\t\t\t\t\tcase 0:              document.getElementById('page_number_0').value = x;              break;            default:              document.getElementById('page_number_0').value = 1;          }          bwg_ajax('gal_front_form_0', '0', 'bwg_thumbnails_0', '0', '', 'gallery', 0, '', '', load_more, '', 1);        }                    jQuery('.first-page-0').on('click', function () {              spider_page_0(this, 1, -2, 'numeric');              return false;            });            jQuery('.prev-page-0').on('click', function () {              spider_page_0(this, 1, -1, 'numeric');              return false;            });            jQuery('.next-page-0').on('click', function () {              spider_page_0(this, 1, 1, 'numeric');              return false;            });            jQuery('.last-page-0').on('click', function () {              spider_page_0(this, 1, 2, 'numeric');              return false;            });        \t\t\t\t\/* Change page on input enter. *\/        function bwg_change_page_0( e, that ) {          if (  e.key == 'Enter' ) {            var to_page = parseInt(jQuery(that).val());            var pages_count = jQuery(that).parents(\".pagination-links\").data(\"pages-count\");            var current_url_param = jQuery(that).attr('data-url-info');            if (to_page > pages_count) {              to_page = 1;            }\t \t\t\t\t\t\t\t\t\t\t\t\tspider_page_0(this, to_page, 0, 'numeric');\t\t\t\t\t\t\treturn false;\t\t\t\t\t\t          }          return true;        }        jQuery('.bwg_load_btn_0').on('click', function () {            spider_page_0(this, 1, 1, true);            return false;        });      <\/script>      <\/span>                <\/div>        <\/form>          <style>          #bwg_container1_0 #bwg_container2_0 #spider_popup_overlay_0 {          background-color: #000000;          opacity: 0.70;          }          <\/style>        <div id=\"bwg_spider_popup_loading_0\" class=\"bwg_spider_popup_loading\"><\/div>        <div id=\"spider_popup_overlay_0\" class=\"spider_popup_overlay\" onclick=\"spider_destroypopup(1000)\"><\/div>        <input type=\"hidden\" id=\"bwg_random_seed_0\" value=\"163269770\">                <\/div>    <\/div>    <script>      if (document.readyState === 'complete') {        if( typeof bwg_main_ready == 'function' ) {          if ( jQuery(\"#bwg_container1_0\").height() ) {            bwg_main_ready(jQuery(\"#bwg_container1_0\"));          }        }      } else {        document.addEventListener('DOMContentLoaded', function() {          if( typeof bwg_main_ready == 'function' ) {            if ( jQuery(\"#bwg_container1_0\").height() ) {             bwg_main_ready(jQuery(\"#bwg_container1_0\"));            }          }        });      }    <\/script>    <\/p>","protected":false},"excerpt":{"rendered":"<p>I den f d h\u00f6logen ovanf\u00f6r Stallet erbjuder vi festlokal sommartid f\u00f6r upp till 60 sittande g\u00e4ster med scen, ljudanl\u00e4ggning och bildprojektor. Dukning kan varieras beroende p\u00e5 aktivitet fr\u00e5n biosittning, <a class=\"more-link\" href=\"https:\/\/www.heleneborg.se\/sv\/logen-festlokal\/\">Continue Reading \u2192<\/a><\/p>\n","protected":false},"author":1,"featured_media":350,"parent":0,"menu_order":0,"comment_status":"closed","ping_status":"closed","template":"","meta":[],"_links":{"self":[{"href":"https:\/\/www.heleneborg.se\/sv\/wp-json\/wp\/v2\/pages\/347"}],"collection":[{"href":"https:\/\/www.heleneborg.se\/sv\/wp-json\/wp\/v2\/pages"}],"about":[{"href":"https:\/\/www.heleneborg.se\/sv\/wp-json\/wp\/v2\/types\/page"}],"author":[{"embeddable":true,"href":"https:\/\/www.heleneborg.se\/sv\/wp-json\/wp\/v2\/users\/1"}],"replies":[{"embeddable":true,"href":"https:\/\/www.heleneborg.se\/sv\/wp-json\/wp\/v2\/comments?post=347"}],"version-history":[{"count":14,"href":"https:\/\/www.heleneborg.se\/sv\/wp-json\/wp\/v2\/pages\/347\/revisions"}],"predecessor-version":[{"id":421,"href":"https:\/\/www.heleneborg.se\/sv\/wp-json\/wp\/v2\/pages\/347\/revisions\/421"}],"wp:featuredmedia":[{"embeddable":true,"href":"https:\/\/www.heleneborg.se\/sv\/wp-json\/wp\/v2\/media\/350"}],"wp:attachment":[{"href":"https:\/\/www.heleneborg.se\/sv\/wp-json\/wp\/v2\/media?parent=347"}],"curies":[{"name":"wp","href":"https:\/\/api.w.org\/{rel}","templated":true}]}}