{"id":226,"date":"2018-01-04T17:23:28","date_gmt":"2018-01-04T16:23:28","guid":{"rendered":"http:\/\/www.heleneborg.se\/?page_id=226"},"modified":"2020-03-22T16:17:32","modified_gmt":"2020-03-22T15:17:32","slug":"timrad-bagarstuga","status":"publish","type":"page","link":"https:\/\/www.heleneborg.se\/sv\/timrad-bagarstuga\/","title":{"rendered":"Timrad bagarstuga"},"content":{"rendered":"<p><strong>Unikt boende i upprustad bagarstuga fr\u00e5n 1800-talet med mycket h\u00f6g standard i natursk\u00f6nt l\u00e4ge.<\/strong><\/p>\n<p>Storstuga med tak upp i nock med bakugn och braskamin. Mysigt sovloft med tv\u00e5 80 cm breda s\u00e4ngar samt tv\u00e5 madrasser p\u00e5 golvet f\u00f6r barn. Sittgrupp med soffa och tv\u00e5 f\u00e5t\u00f6ljer, matgrupp, 40 tums TV, 100 Mbit Wi-Fi, multiljudanl\u00e4ggning i retrostil. (Bakugnen f\u00e5r dock inte anv\u00e4ndas av g\u00e4ster).<\/p>\n<p>Mycket v\u00e4lutrustat k\u00f6k med bl a spis, kyl och frys, diskmaskin, mikrov\u00e5gsugn, glas, porslin, kok- och stekk\u00e4rl mm.<\/p>\n<p>Badrum med handfat, vattentoalett och dusch. Golvv\u00e4rme.<\/p>\n<p>Intilliggande mysig sovstuga med golvv\u00e4rme 0ch 2 st 90 cm s\u00e4ngar kan hyras till extra kostnad. Se prislista.<\/p>\n<p>Fr\u00e4scha s\u00e4ngkl\u00e4der. Vi erbjuder b\u00e4ddning inklusive handdukar till extra kostnad. Se prislista.<\/p>\n<p><strong>Service:<\/strong><br \/>\nMataff\u00e4r och bensin i Tavelsj\u00f6 7 km, bilverkstad L\u00e5ngviken 10 km.<\/p>\n<p><strong>Aktiviteter i n\u00e4romr\u00e5det:<\/strong><br \/>\nSommartid:<br \/>\nGolf drivingrance (1 km), Fiske i Vindel\u00e4lven (4 km), Vandringsled Tavelsj\u00f6leden (7 km), Bangolf Tavelsj\u00f6 (10 km), Bad i Hundsj\u00f6n (7 km) samt Tavelsj\u00f6n (10 km), Minipark Mickelbo G\u00e5rd (11 km)<\/p>\n<p>Vintertid:<br \/>\n20 km l\u00e5ngf\u00e4rdsskridskobana p\u00e5 Tavelsj\u00f6n (10 km), Elljussp\u00e5r i Tavelsj\u00f6 (8 km) och R\u00f6d\u00e5sel (7 km), Utf\u00f6rs\u00e5kning i Buberget, Vindeln (30 km) och \u00c4ventyrsbacken Kassj\u00f6 (25 km).<\/p>\n<p>Mer information om boende, aktiviteter och service finns p\u00e5\u00a0<a href=\"http:\/\/www.landsbygdsturism.se\">http:\/\/www.landsbygdsturism.se<\/a><\/p>\n<p>R\u00f6kning inte till\u00e5tet. Inga husdjur till\u00e5tna.<\/p>\n<p>Bytesdag: S\u00f6ndag<br \/>\n<img loading=\"lazy\" class=\"alignnone size-medium wp-image-228\" src=\"http:\/\/www.heleneborg.se\/wp-content\/uploads\/thumb_IMG_2543_1024-300x225.jpg\" alt=\"\" width=\"300\" height=\"225\" srcset=\"https:\/\/www.heleneborg.se\/wp-content\/uploads\/thumb_IMG_2543_1024-300x225.jpg 300w, https:\/\/www.heleneborg.se\/wp-content\/uploads\/thumb_IMG_2543_1024-768x576.jpg 768w, https:\/\/www.heleneborg.se\/wp-content\/uploads\/thumb_IMG_2543_1024.jpg 1024w\" sizes=\"(max-width: 300px) 100vw, 300px\" \/><\/p>\n<p><img loading=\"lazy\" class=\"alignnone size-medium wp-image-229\" src=\"http:\/\/www.heleneborg.se\/wp-content\/uploads\/thumb_IMG_2545_1024-300x225.jpg\" alt=\"\" width=\"300\" height=\"225\" srcset=\"https:\/\/www.heleneborg.se\/wp-content\/uploads\/thumb_IMG_2545_1024-300x225.jpg 300w, https:\/\/www.heleneborg.se\/wp-content\/uploads\/thumb_IMG_2545_1024-768x576.jpg 768w, https:\/\/www.heleneborg.se\/wp-content\/uploads\/thumb_IMG_2545_1024.jpg 1024w\" sizes=\"(max-width: 300px) 100vw, 300px\" \/><\/p>\n<p><img loading=\"lazy\" class=\"alignnone size-medium wp-image-230\" src=\"http:\/\/www.heleneborg.se\/wp-content\/uploads\/thumb_IMG_2546_1024-300x225.jpg\" alt=\"\" width=\"300\" height=\"225\" srcset=\"https:\/\/www.heleneborg.se\/wp-content\/uploads\/thumb_IMG_2546_1024-300x225.jpg 300w, https:\/\/www.heleneborg.se\/wp-content\/uploads\/thumb_IMG_2546_1024-768x576.jpg 768w, https:\/\/www.heleneborg.se\/wp-content\/uploads\/thumb_IMG_2546_1024.jpg 1024w\" sizes=\"(max-width: 300px) 100vw, 300px\" \/><\/p>\n<p><img loading=\"lazy\" class=\"alignnone size-medium wp-image-231\" src=\"http:\/\/www.heleneborg.se\/wp-content\/uploads\/thumb_IMG_2547_1024-300x225.jpg\" alt=\"\" width=\"300\" height=\"225\" srcset=\"https:\/\/www.heleneborg.se\/wp-content\/uploads\/thumb_IMG_2547_1024-300x225.jpg 300w, https:\/\/www.heleneborg.se\/wp-content\/uploads\/thumb_IMG_2547_1024-768x576.jpg 768w, https:\/\/www.heleneborg.se\/wp-content\/uploads\/thumb_IMG_2547_1024.jpg 1024w\" sizes=\"(max-width: 300px) 100vw, 300px\" \/><\/p>\n<p><img loading=\"lazy\" class=\"alignnone size-medium wp-image-232\" src=\"http:\/\/www.heleneborg.se\/wp-content\/uploads\/thumb_IMG_2548_1024-300x225.jpg\" alt=\"\" width=\"300\" height=\"225\" srcset=\"https:\/\/www.heleneborg.se\/wp-content\/uploads\/thumb_IMG_2548_1024-300x225.jpg 300w, https:\/\/www.heleneborg.se\/wp-content\/uploads\/thumb_IMG_2548_1024-768x576.jpg 768w, https:\/\/www.heleneborg.se\/wp-content\/uploads\/thumb_IMG_2548_1024.jpg 1024w\" sizes=\"(max-width: 300px) 100vw, 300px\" \/><\/p>","protected":false},"excerpt":{"rendered":"<p>Unikt boende i upprustad bagarstuga fr\u00e5n 1800-talet med mycket h\u00f6g standard i natursk\u00f6nt l\u00e4ge. Storstuga med tak upp i nock med bakugn och braskamin. Mysigt sovloft med tv\u00e5 80 cm <a class=\"more-link\" href=\"https:\/\/www.heleneborg.se\/sv\/timrad-bagarstuga\/\">Continue Reading \u2192<\/a><\/p>\n","protected":false},"author":1,"featured_media":335,"parent":0,"menu_order":0,"comment_status":"closed","ping_status":"closed","template":"","meta":[],"_links":{"self":[{"href":"https:\/\/www.heleneborg.se\/sv\/wp-json\/wp\/v2\/pages\/226"}],"collection":[{"href":"https:\/\/www.heleneborg.se\/sv\/wp-json\/wp\/v2\/pages"}],"about":[{"href":"https:\/\/www.heleneborg.se\/sv\/wp-json\/wp\/v2\/types\/page"}],"author":[{"embeddable":true,"href":"https:\/\/www.heleneborg.se\/sv\/wp-json\/wp\/v2\/users\/1"}],"replies":[{"embeddable":true,"href":"https:\/\/www.heleneborg.se\/sv\/wp-json\/wp\/v2\/comments?post=226"}],"version-history":[{"count":33,"href":"https:\/\/www.heleneborg.se\/sv\/wp-json\/wp\/v2\/pages\/226\/revisions"}],"predecessor-version":[{"id":408,"href":"https:\/\/www.heleneborg.se\/sv\/wp-json\/wp\/v2\/pages\/226\/revisions\/408"}],"wp:featuredmedia":[{"embeddable":true,"href":"https:\/\/www.heleneborg.se\/sv\/wp-json\/wp\/v2\/media\/335"}],"wp:attachment":[{"href":"https:\/\/www.heleneborg.se\/sv\/wp-json\/wp\/v2\/media?parent=226"}],"curies":[{"name":"wp","href":"https:\/\/api.w.org\/{rel}","templated":true}]}}