{"id":6,"date":"2014-09-22T21:43:29","date_gmt":"2014-09-22T21:43:29","guid":{"rendered":"http:\/\/194.126.200.53\/~helenebo\/heleneborg\/?page_id=6"},"modified":"2025-11-02T13:25:26","modified_gmt":"2025-11-02T12:25:26","slug":"home","status":"publish","type":"page","link":"https:\/\/www.heleneborg.se\/en\/","title":{"rendered":"Home"},"content":{"rendered":"<p><\/p>\n<h1>Hello and Welcome!<\/h1>\n<p>Welcome to Heleneborg&#8217;s G\u00e5rd in the scenic Tavelsj\u00f6 area between Ume\u00e5 and Vindeln in V\u00e4sterbotten County.<br \/>\nHere you can stay in one of our two cozy, well-equipped timber cottages or in our rooms in the barn. You can also attend gatherings in our unique meeting room in the converted stables with associated kitchen, terrace and outdoor Spa with sauna and Spa bath. In the summertime, you can rent our party room on the second floor in the barn for up to 60 persons.<br \/>\nWe offer a stress-free environment for both relaxation and creative meetings.<br \/>\nWelcome!<\/p>\n<p><a href=\"torbjorn@heleneborg.se\">torbjorn@heleneborg.se<\/a><br \/>\n<a href=\"http:\/\/www.heleneborg.se\">http:\/\/www.heleneborg.se<\/a><\/p>","protected":false},"excerpt":{"rendered":"<p>Hello and Welcome! Welcome to Heleneborg&#8217;s G\u00e5rd in the scenic Tavelsj\u00f6 area between Ume\u00e5 and Vindeln in V\u00e4sterbotten County. Here you can stay in one of our two cozy, well-equipped <a class=\"more-link\" href=\"https:\/\/www.heleneborg.se\/en\/\">Continue Reading \u2192<\/a><\/p>\n","protected":false},"author":1,"featured_media":0,"parent":0,"menu_order":0,"comment_status":"open","ping_status":"open","template":"","meta":[],"_links":{"self":[{"href":"https:\/\/www.heleneborg.se\/en\/wp-json\/wp\/v2\/pages\/6"}],"collection":[{"href":"https:\/\/www.heleneborg.se\/en\/wp-json\/wp\/v2\/pages"}],"about":[{"href":"https:\/\/www.heleneborg.se\/en\/wp-json\/wp\/v2\/types\/page"}],"author":[{"embeddable":true,"href":"https:\/\/www.heleneborg.se\/en\/wp-json\/wp\/v2\/users\/1"}],"replies":[{"embeddable":true,"href":"https:\/\/www.heleneborg.se\/en\/wp-json\/wp\/v2\/comments?post=6"}],"version-history":[{"count":39,"href":"https:\/\/www.heleneborg.se\/en\/wp-json\/wp\/v2\/pages\/6\/revisions"}],"predecessor-version":[{"id":589,"href":"https:\/\/www.heleneborg.se\/en\/wp-json\/wp\/v2\/pages\/6\/revisions\/589"}],"wp:attachment":[{"href":"https:\/\/www.heleneborg.se\/en\/wp-json\/wp\/v2\/media?parent=6"}],"curies":[{"name":"wp","href":"https:\/\/api.w.org\/{rel}","templated":true}]}}