{"id":65,"date":"2014-09-25T12:13:02","date_gmt":"2014-09-25T10:13:02","guid":{"rendered":"http:\/\/194.126.200.53\/~helenebo\/heleneborg\/?page_id=65"},"modified":"2017-01-19T15:04:20","modified_gmt":"2017-01-19T14:04:20","slug":"where-to-find-us","status":"publish","type":"page","link":"https:\/\/www.heleneborg.se\/de\/where-to-find-us\/","title":{"rendered":"Wo Sie uns finden"},"content":{"rendered":"<p><\/p>\n<p><strong>Heleneborgs G\u00e5rd<\/strong><br \/>\nHeleneborg 26<br \/>\n92267 Tavelsj\u00f6<\/p>\n<p><iframe loading=\"lazy\" src=\"https:\/\/www.google.com\/maps\/embed?pb=!1m14!1m8!1m3!1d224425.45176336096!2d20.215002507421918!3d63.93123483748942!3m2!1i1024!2i768!4f13.1!3m3!1m2!1s0x467c6cc9c6095799%3A0xd4df83fb97d640ea!2sHELENEBORG+26%2C+922+67+Tavelsj%C3%B6!5e0!3m2!1sde!2sse!4v1411677636125\" width=\"600\" height=\"450\" frameborder=\"0\" style=\"border:0\"><\/iframe><\/p>\n<p><strong>Anfahrt:<\/strong><\/p>\n<ul>\n<li>Nehmen Sie die Stra\u00dfe 363 von Ume\u00e5 Richtung Sorsele.<\/li>\n<li>Nach ca. 35 km, bei R\u00f6d\u00e5n\u00e4s, rechts Richtung Varmvattnet abbiegen.<\/li>\n<li>Nach ca. 3 km, am Ende des Dorfes Kvarnsvedjan, beim Schild V Varmvattnet\/Heleneborg rechts abbiegen.<\/li>\n<li>Nach ca. 300 m beim Schild Heleneborg rechts abbiegen.<\/li>\n<li>1 km bis zum Ende der Stra\u00dfe fahren.<\/li>\n<\/ul>\n<p><\/p>","protected":false},"excerpt":{"rendered":"<p>Heleneborgs G\u00e5rd Heleneborg 26 92267 Tavelsj\u00f6 Anfahrt: Nehmen Sie die Stra\u00dfe 363 von Ume\u00e5 Richtung Sorsele. Nach ca. 35 km, bei R\u00f6d\u00e5n\u00e4s, rechts Richtung Varmvattnet abbiegen. Nach ca. 3 km, <a class=\"more-link\" href=\"https:\/\/www.heleneborg.se\/de\/where-to-find-us\/\">Continue Reading \u2192<\/a><\/p>\n","protected":false},"author":1,"featured_media":0,"parent":0,"menu_order":0,"comment_status":"closed","ping_status":"closed","template":"","meta":[],"_links":{"self":[{"href":"https:\/\/www.heleneborg.se\/de\/wp-json\/wp\/v2\/pages\/65"}],"collection":[{"href":"https:\/\/www.heleneborg.se\/de\/wp-json\/wp\/v2\/pages"}],"about":[{"href":"https:\/\/www.heleneborg.se\/de\/wp-json\/wp\/v2\/types\/page"}],"author":[{"embeddable":true,"href":"https:\/\/www.heleneborg.se\/de\/wp-json\/wp\/v2\/users\/1"}],"replies":[{"embeddable":true,"href":"https:\/\/www.heleneborg.se\/de\/wp-json\/wp\/v2\/comments?post=65"}],"version-history":[{"count":9,"href":"https:\/\/www.heleneborg.se\/de\/wp-json\/wp\/v2\/pages\/65\/revisions"}],"predecessor-version":[{"id":209,"href":"https:\/\/www.heleneborg.se\/de\/wp-json\/wp\/v2\/pages\/65\/revisions\/209"}],"wp:attachment":[{"href":"https:\/\/www.heleneborg.se\/de\/wp-json\/wp\/v2\/media?parent=65"}],"curies":[{"name":"wp","href":"https:\/\/api.w.org\/{rel}","templated":true}]}}