{"id":62,"date":"2014-09-25T12:10:04","date_gmt":"2014-09-25T10:10:04","guid":{"rendered":"http:\/\/194.126.200.53\/~helenebo\/heleneborg\/?page_id=62"},"modified":"2021-01-05T08:50:56","modified_gmt":"2021-01-05T07:50:56","slug":"about-us","status":"publish","type":"page","link":"https:\/\/www.heleneborg.se\/de\/about-us\/","title":{"rendered":"\u00dcber uns"},"content":{"rendered":"<p>Heleneborgs Bauernhof, mit Immobilienbrief Kvarnsvedjan 1:7, ist mein Elternhaus. Das Wohnhaus wurde 1918 erbaut und die Stallungen, die ich und Marie Louise zurzeit in ein kleines Besucherzentrum verwandeln, wurden 1951 von meinen Eltern erstellt. Der Kuhstall fasste 6 K\u00fche und Pferde, wurde jedoch erweitert f\u00fcr bis zu 10 K\u00fche. Der Stall wurde mit einer Melkanlage versehen, deren Glasr\u00f6hren immer noch an der Decke finden.<\/p>\n<p><img loading=\"lazy\" width=\"300\" height=\"300\" class=\"alignnone wp-image-88 size-medium\" style=\"float: right; margin-left: 15px;\" src=\"https:\/\/www.heleneborg.com\/wp-content\/uploads\/landlords-01-300x300.jpg\" alt=\"Marie Louise &amp; Torbj\u00f6rn\" srcset=\"https:\/\/www.heleneborg.se\/wp-content\/uploads\/landlords-01-300x300.jpg 300w, https:\/\/www.heleneborg.se\/wp-content\/uploads\/landlords-01-150x150.jpg 150w, https:\/\/www.heleneborg.se\/wp-content\/uploads\/landlords-01.jpg 320w\" sizes=\"(max-width: 300px) 100vw, 300px\" \/><\/p>\n<p>Die Milchproduktion wurde bis in die sp\u00e4ten 1980er Jahre betrieben, als meine Eltern in den Ruhestand traten. Anschlie\u00dfend diente das Geb\u00e4ude als Familienspeicher, bis wir 2006\/2007 aus Sollentuna hierher zogen und das Wohnhaus komplett renovierten und erweiterten. Alles was von der Renovierung \u00fcbrig geblieben ist, haben wir f\u00fcr zuk\u00fcnftige Bed\u00fcrfnisse behalten.<\/p>\n<p>Die Umgestaltung der Scheune ist unser gemeinsames Recycling-und Freizeit-Projekt, in dem Marie Louise&#8217;s Gesp\u00fcr f\u00fcr Architektur und Innenarchitektur und mein Interesse an Bau- und Zimmermannsarbeiten gute Dienste leisten. Die treibende Kraft ist, dass wir beide denken es macht so viel Spa\u00df.<\/p>\n<p>Wir haben bereits einen langen Weg zur\u00fcckgelegt, doch es bleibt noch viel zu tun. Wir wollen eine angenehme und einladende Umgebung schaffen, in der die Menschen es genie\u00dfen k\u00f6nnen und sich wie zu Hause f\u00fchlen.<\/p>\n<p>Willkommen auf dem Heleneborgs G\u00e5rd.<\/p>\n<p>Torbj\u00f6rn Wennebro<\/p>\n<p>+46 702095375<\/p>\n<p><a href=\"torbjorn@heleneborg.se\">torbjorn@heleneborg.se<\/a><\/p>","protected":false},"excerpt":{"rendered":"<p>Heleneborgs Bauernhof, mit Immobilienbrief Kvarnsvedjan 1:7, ist mein Elternhaus. Das Wohnhaus wurde 1918 erbaut und die Stallungen, die ich und Marie Louise zurzeit in ein kleines Besucherzentrum verwandeln, wurden 1951 <a class=\"more-link\" href=\"https:\/\/www.heleneborg.se\/de\/about-us\/\">Continue Reading \u2192<\/a><\/p>\n","protected":false},"author":1,"featured_media":87,"parent":0,"menu_order":0,"comment_status":"closed","ping_status":"closed","template":"","meta":[],"_links":{"self":[{"href":"https:\/\/www.heleneborg.se\/de\/wp-json\/wp\/v2\/pages\/62"}],"collection":[{"href":"https:\/\/www.heleneborg.se\/de\/wp-json\/wp\/v2\/pages"}],"about":[{"href":"https:\/\/www.heleneborg.se\/de\/wp-json\/wp\/v2\/types\/page"}],"author":[{"embeddable":true,"href":"https:\/\/www.heleneborg.se\/de\/wp-json\/wp\/v2\/users\/1"}],"replies":[{"embeddable":true,"href":"https:\/\/www.heleneborg.se\/de\/wp-json\/wp\/v2\/comments?post=62"}],"version-history":[{"count":12,"href":"https:\/\/www.heleneborg.se\/de\/wp-json\/wp\/v2\/pages\/62\/revisions"}],"predecessor-version":[{"id":524,"href":"https:\/\/www.heleneborg.se\/de\/wp-json\/wp\/v2\/pages\/62\/revisions\/524"}],"wp:featuredmedia":[{"embeddable":true,"href":"https:\/\/www.heleneborg.se\/de\/wp-json\/wp\/v2\/media\/87"}],"wp:attachment":[{"href":"https:\/\/www.heleneborg.se\/de\/wp-json\/wp\/v2\/media?parent=62"}],"curies":[{"name":"wp","href":"https:\/\/api.w.org\/{rel}","templated":true}]}}