{"id":6,"date":"2014-09-22T21:43:29","date_gmt":"2014-09-22T21:43:29","guid":{"rendered":"http:\/\/194.126.200.53\/~helenebo\/heleneborg\/?page_id=6"},"modified":"2025-11-02T13:25:26","modified_gmt":"2025-11-02T12:25:26","slug":"home","status":"publish","type":"page","link":"https:\/\/www.heleneborg.se\/de\/","title":{"rendered":"Start"},"content":{"rendered":"<p><\/p>\n<h1>Hallo und willkommen!<\/h1>\n<p>Willkommen bei uns auf dem Heleneborg Hof in der wundersch\u00f6nen Gegend Tavelsj\u00f6 zwischen Ume\u00e5 und Vindeln im V\u00e4sterbottens L\u00e4n.<br \/>\nHier k\u00f6nnen Sie in einem gem\u00fctlichen, gut ausgestatteten Blockhaus oder in einem der drei B&amp;B-Zimmer in der Scheune \u00fcbernachten. Sie k\u00f6nnen auch Versammlungen in unserem einzigartigen Meetingraum organisieren. Dieser befindet sich in den umgebauten Stallungen mit angeschlossener K\u00fcche, grosser Terrasse und Freiluft-Spa mit Sauna und \u00a0Whirlpool.<br \/>\nWir bieten Ihnen eine stressfreie Umgebung f\u00fcr Entspannung und kreative Sitzungen.<br \/>\nWillkommen!<\/p>\n<p><a href=\"torbjorn@heleneborg.se\">torbjorn@heleneborg.se<\/a><br \/>\n<a href=\"http:\/\/www.heleneborg.se\">http:\/\/www.heleneborg.se<\/a><\/p>","protected":false},"excerpt":{"rendered":"<p>Hallo und willkommen! Willkommen bei uns auf dem Heleneborg Hof in der wundersch\u00f6nen Gegend Tavelsj\u00f6 zwischen Ume\u00e5 und Vindeln im V\u00e4sterbottens L\u00e4n. Hier k\u00f6nnen Sie in einem gem\u00fctlichen, gut ausgestatteten <a class=\"more-link\" href=\"https:\/\/www.heleneborg.se\/de\/\">Continue Reading \u2192<\/a><\/p>\n","protected":false},"author":1,"featured_media":0,"parent":0,"menu_order":0,"comment_status":"open","ping_status":"open","template":"","meta":[],"_links":{"self":[{"href":"https:\/\/www.heleneborg.se\/de\/wp-json\/wp\/v2\/pages\/6"}],"collection":[{"href":"https:\/\/www.heleneborg.se\/de\/wp-json\/wp\/v2\/pages"}],"about":[{"href":"https:\/\/www.heleneborg.se\/de\/wp-json\/wp\/v2\/types\/page"}],"author":[{"embeddable":true,"href":"https:\/\/www.heleneborg.se\/de\/wp-json\/wp\/v2\/users\/1"}],"replies":[{"embeddable":true,"href":"https:\/\/www.heleneborg.se\/de\/wp-json\/wp\/v2\/comments?post=6"}],"version-history":[{"count":39,"href":"https:\/\/www.heleneborg.se\/de\/wp-json\/wp\/v2\/pages\/6\/revisions"}],"predecessor-version":[{"id":589,"href":"https:\/\/www.heleneborg.se\/de\/wp-json\/wp\/v2\/pages\/6\/revisions\/589"}],"wp:attachment":[{"href":"https:\/\/www.heleneborg.se\/de\/wp-json\/wp\/v2\/media?parent=6"}],"curies":[{"name":"wp","href":"https:\/\/api.w.org\/{rel}","templated":true}]}}