{"id":58,"date":"2014-09-25T12:07:05","date_gmt":"2014-09-25T10:07:05","guid":{"rendered":"http:\/\/194.126.200.53\/~helenebo\/heleneborg\/?page_id=58"},"modified":"2021-01-04T18:10:45","modified_gmt":"2021-01-04T17:10:45","slug":"activities","status":"publish","type":"page","link":"https:\/\/www.heleneborg.se\/de\/activities\/","title":{"rendered":"Aktivit\u00e4ten"},"content":{"rendered":"<p><\/p>\n<ul>\n<li>Baden (im Freien) &#8211; Varmvattnet 3 km, Hundsj\u00f6n 7 km, Tavelsj\u00f6n 8 km<\/li>\n<li>Hallenb\u00e4der &#8211; <a title=\"Vindeln\" href=\"http:\/\/www.vindeln.se\/default.aspx?di=3583\" target=\"_blank\">Vindeln<\/a> 25 km, <a title=\"Ume\u00e5\" href=\"http:\/\/www.medley.se\/umeasimhall\/\" target=\"_blank\">Ume\u00e5<\/a> 35 km<\/li>\n<li>Erlebnisbad <a title=\"Umelagun\" href=\"http:\/\/www.medley.se\/umelagun\/\" target=\"_blank\">Umelagun<\/a>, 35 km<\/li>\n<li>Fahrr\u00e4der (zur Miete)<\/li>\n<li>Angeln im <a title=\"Vindel\u00e4lven\" href=\"http:\/\/www.vindelalven.se\/\" target=\"_blank\">Vindel\u00e4lven<\/a>, 3km<\/li>\n<li><a title=\"Fu\u00dfballfeld in R\u00f6d\u00e5n\u00e4s\" href=\"http:\/\/www.rodabygden.se\/\" target=\"_blank\">Fu\u00dfballfeld in R\u00f6d\u00e5n\u00e4s<\/a>, 3 km<\/li>\n<li>Supermarkt in Tavelsj\u00f6, 8 km<\/li>\n<li><a title=\"Minigolf in Tavelsj\u00f6\" href=\"http:\/\/www.visitumea.se\/Product.aspx?id=158605\" target=\"_blank\">Minigolf in Tavelsj\u00f6<\/a>, 8 km<\/li>\n<li><a title=\"Reiten in Tavelsj\u00f6\" href=\"http:\/\/www.ihcnorr.se\/\" target=\"_blank\">Reiten in Tavelsj\u00f6<\/a>, 8 km<\/li>\n<li>Wanderweg &#8211; <a title=\"Tavelsj\u00f6leden\" href=\"http:\/\/www.umea.se\/umeakommun\/kulturfritid\/idrottmotionochfriluftsliv\/friluftsliv\/tavelsjoleden.4.bbd1b101a585d7048000151543.html\" target=\"_blank\">Tavelsj\u00f6leden<\/a>, 8 km<\/li>\n<li><a title=\"Tavelsj\u00f6 Halbmarathon\" href=\"http:\/\/www.tavelsjohalvmarathon.se\/\" target=\"_blank\">Tavelsj\u00f6 Halbmarathon<\/a>, 8 km<\/li>\n<li><a title=\"Rafting\" href=\"http:\/\/www.forsknackarna.com\/\" target=\"_blank\">Rafting<\/a> und <a title=\"Bibersafari\" href=\"http:\/\/www.visitumea.se\/Product.aspx?id=166664\" target=\"_blank\">Bibersafari<\/a> im\/am <a title=\"Vindel\u00e4lven\" href=\"http:\/\/www.vindelalven.se\/\" target=\"_blank\">Vindel\u00e4lven<\/a>, 20 km<\/li>\n<li><a title=\"Slalom\/Snowboard in Vindeln\" href=\"http:\/\/www.bubergsgarden.nu\/\" target=\"_blank\">Slalom\/Snowboard in Vindeln<\/a>, 25 km<\/li>\n<li><a title=\"Elchfarm in Bjurholm\" href=\"http:\/\/www.algenshus.se\/\" target=\"_blank\">Elchfarm in Bjurholm<\/a>, 70 km<\/li>\n<li><a title=\"Lycksele Zoo\" href=\"http:\/\/www.lyckseledjurpark.com\/\" target=\"_blank\">Lycksele Zoo<\/a>, 100 km<\/li>\n<\/ul>\n<p><\/p>","protected":false},"excerpt":{"rendered":"<p>Baden (im Freien) &#8211; Varmvattnet 3 km, Hundsj\u00f6n 7 km, Tavelsj\u00f6n 8 km Hallenb\u00e4der &#8211; Vindeln 25 km, Ume\u00e5 35 km Erlebnisbad Umelagun, 35 km Fahrr\u00e4der (zur Miete) Angeln im <a class=\"more-link\" href=\"https:\/\/www.heleneborg.se\/de\/activities\/\">Continue Reading \u2192<\/a><\/p>\n","protected":false},"author":1,"featured_media":0,"parent":0,"menu_order":0,"comment_status":"closed","ping_status":"closed","template":"","meta":[],"_links":{"self":[{"href":"https:\/\/www.heleneborg.se\/de\/wp-json\/wp\/v2\/pages\/58"}],"collection":[{"href":"https:\/\/www.heleneborg.se\/de\/wp-json\/wp\/v2\/pages"}],"about":[{"href":"https:\/\/www.heleneborg.se\/de\/wp-json\/wp\/v2\/types\/page"}],"author":[{"embeddable":true,"href":"https:\/\/www.heleneborg.se\/de\/wp-json\/wp\/v2\/users\/1"}],"replies":[{"embeddable":true,"href":"https:\/\/www.heleneborg.se\/de\/wp-json\/wp\/v2\/comments?post=58"}],"version-history":[{"count":44,"href":"https:\/\/www.heleneborg.se\/de\/wp-json\/wp\/v2\/pages\/58\/revisions"}],"predecessor-version":[{"id":515,"href":"https:\/\/www.heleneborg.se\/de\/wp-json\/wp\/v2\/pages\/58\/revisions\/515"}],"wp:attachment":[{"href":"https:\/\/www.heleneborg.se\/de\/wp-json\/wp\/v2\/media?parent=58"}],"curies":[{"name":"wp","href":"https:\/\/api.w.org\/{rel}","templated":true}]}}