{"id":48,"date":"2014-09-25T11:56:15","date_gmt":"2014-09-25T09:56:15","guid":{"rendered":"http:\/\/194.126.200.53\/~helenebo\/heleneborg\/?page_id=48"},"modified":"2020-03-22T16:45:01","modified_gmt":"2020-03-22T15:45:01","slug":"conference-party","status":"publish","type":"page","link":"https:\/\/www.heleneborg.se\/de\/conference-party\/","title":{"rendered":"Konferenz- &#038; Festlokal"},"content":{"rendered":"<p>Unsere renovierten Stallungen bieten einen einzigartigen Rahmen f\u00fcr Tagungen und Versammlungen mit bis zu 15 Personen. Hier finden Sie antike Innenausstattung verbunden mit modernsten Technologien \u2014 Breitband (100 MBit), Beamer und Flachbild-TV. Geeignet f\u00fcr: Sitzungen, Seminare, Kick-offs und Team-Bildung und vieles mehr.<br \/>\nDie Stallungen sind ideal f\u00fcr Partys aller Art, von Geburtstagsfeiern bis zum Spa-Abend mit Freunden. Genie\u00dfen Sie ein gutes Essen auf der Terrasse, an einem langen Tisch im Konferenzraum, in den K\u00e4lber-St\u00e4nden, oder in unserer kombinierten Kinder- und Kuschelecke.<br \/>\nDazu geh\u00f6rt eine gut ausger\u00fcstete K\u00fcche, wo wir f\u00fcr kleine Gesellschaften kochen k\u00f6nnen. Das Essen wird an den Tischen in den Kojen serviert.<\/p>\n<style id=\"bwg-style-2\">    #bwg_container1_2 #bwg_container2_2 .bwg-container-2.bwg-standard-thumbnails {      width: 904px;              justify-content: center;        margin:0 auto !important;              background-color: rgba(255, 255, 255, 0.00);            padding-left: 4px;      padding-top: 4px;      max-width: 100%;            }        #bwg_container1_2 #bwg_container2_2 .bwg-container-2.bwg-standard-thumbnails .bwg-item {      justify-content: flex-start;      max-width: 180px;            width: 180px !important;          }    #bwg_container1_2 #bwg_container2_2 .bwg-container-2.bwg-standard-thumbnails .bwg-item > a {       margin-right: 4px;       margin-bottom: 4px;    }    #bwg_container1_2 #bwg_container2_2 .bwg-container-2.bwg-standard-thumbnails .bwg-item0 {      padding: 0px;            background-color:rgba(255,255,255, 0.30);      border: 0px none #CCCCCC;      opacity: 1.00;      border-radius: 0;      box-shadow: 0px 0px 0px #888888;    }    #bwg_container1_2 #bwg_container2_2 .bwg-container-2.bwg-standard-thumbnails .bwg-item1 img {      max-height: none;      max-width: none;      padding: 0 !important;    }        @media only screen and (min-width: 480px) {      #bwg_container1_2 #bwg_container2_2 .bwg-container-2.bwg-standard-thumbnails .bwg-item0 {        transition: all 0.3s ease 0s;-webkit-transition: all 0.3s ease 0s;      }      #bwg_container1_2 #bwg_container2_2 .bwg-container-2.bwg-standard-thumbnails .bwg-item0:hover {        -ms-transform: scale(1.1);        -webkit-transform: scale(1.1);        transform: scale(1.1);      }    }          #bwg_container1_2 #bwg_container2_2 .bwg-container-2.bwg-standard-thumbnails .bwg-item1 {      padding-top: 50%;    }        #bwg_container1_2 #bwg_container2_2 .bwg-container-2.bwg-standard-thumbnails .bwg-title2,    #bwg_container1_2 #bwg_container2_2 .bwg-container-2.bwg-standard-thumbnails .bwg-ecommerce2 {      color: #CCCCCC;      font-family: segoe ui;      font-size: 16px;      font-weight: bold;      padding: 2px;      text-shadow: 0px 0px 0px #888888;      max-height: 100%;    }    #bwg_container1_2 #bwg_container2_2 .bwg-container-2.bwg-standard-thumbnails .bwg-thumb-description span {    color: #323A45;    font-family: Ubuntu;    font-size: 12px;    max-height: 100%;    word-wrap: break-word;    }    #bwg_container1_2 #bwg_container2_2 .bwg-container-2.bwg-standard-thumbnails .bwg-play-icon2 {      font-size: 32px;    }    #bwg_container1_2 #bwg_container2_2 .bwg-container-2.bwg-standard-thumbnails .bwg-ecommerce2 {      font-size: 19.2px;      color: #CCCCCC;    }    <\/style>    <div id=\"bwg_container1_2\"         class=\"bwg_container bwg_thumbnail bwg_thumbnails\"         data-right-click-protection=\"0\"         data-bwg=\"2\"         data-gallery-type=\"thumbnails\"         data-current-url=\"https:\/\/www.heleneborg.se\/de\/wp-json\/wp\/v2\/pages\/48\"         data-lightbox-url=\"https:\/\/www.heleneborg.se\/wp-admin\/admin-ajax.php?action=GalleryBox&current_view=2&gallery_id=6&tag=0&theme_id=1&shortcode_id=23&sort_by=order&order_by=asc&current_url=https%3A%2F%2Fwww.heleneborg.se%2Fde%2Fwp-json%2Fwp%2Fv2%2Fpages%2F48\"         data-gallery-id=\"6\"         data-popup-width=\"800\"         data-popup-height=\"500\"         data-is-album=\"gallery\"         data-buttons-position=\"bottom\">      <div id=\"bwg_container2_2\">             <div id=\"ajax_loading_2\" class=\"bwg_loading_div_1\">      <div class=\"bwg_loading_div_2\">        <div class=\"bwg_loading_div_3\">          <div id=\"loading_div_2\" class=\"bwg_spider_ajax_loading\">          <\/div>        <\/div>      <\/div>    <\/div>            <form id=\"gal_front_form_2\"              class=\"bwg-hidden\"              method=\"post\"              action=\"#\"              data-current=\"2\"              data-shortcode-id=\"23\"              data-gallery-type=\"thumbnails\"              data-gallery-id=\"6\"              data-tag=\"0\"              data-album-id=\"0\"              data-theme-id=\"1\"              data-ajax-url=\"https:\/\/www.heleneborg.se\/wp-admin\/admin-ajax.php?action=bwg_frontend_data\">          <div id=\"bwg_container3_2\" class=\"bwg-background bwg-background-2\">                <div data-max-count=\"5\"         data-thumbnail-width=\"180\"         data-bwg=\"2\"         data-gallery-id=\"6\"         data-lightbox-url=\"https:\/\/www.heleneborg.se\/wp-admin\/admin-ajax.php?action=GalleryBox&current_view=2&gallery_id=6&tag=0&theme_id=1&shortcode_id=23&sort_by=order&order_by=asc&current_url=https%3A%2F%2Fwww.heleneborg.se%2Fde%2Fwp-json%2Fwp%2Fv2%2Fpages%2F48\"         id=\"bwg_thumbnails_2\"         class=\"bwg-container-2 bwg-thumbnails bwg-standard-thumbnails bwg-container bwg-border-box\">            <div class=\"bwg-item\">        <a class=\"bwg-a bwg_lightbox\"  data-image-id=\"38\" href=\"https:\/\/www.heleneborg.se\/wp-content\/uploads\/photo-gallery\/imported_from_media_libray\/DSCF4774.jpg?bwg=1584548439\" data-elementor-open-lightbox=\"no\" >                <div class=\"bwg-item0 \">          <div class=\"bwg-item1 \">            <div class=\"bwg-item2\">              <img class=\"skip-lazy bwg_standart_thumb_img_2 \"                   data-id=\"38\"                   data-width=\"300\"                   data-height=\"225\"                   data-original=\"https:\/\/www.heleneborg.se\/wp-content\/uploads\/photo-gallery\/imported_from_media_libray\/thumb\/DSCF4774.jpg?bwg=1584548439\"                   src=\"https:\/\/www.heleneborg.se\/wp-content\/uploads\/photo-gallery\/imported_from_media_libray\/thumb\/DSCF4774.jpg?bwg=1584548439\"                   alt=\"DSCF4774\" \/>            <\/div>            <div class=\"\">                                                      <\/div>          <\/div>        <\/div>                        <\/a>              <\/div>            <div class=\"bwg-item\">        <a class=\"bwg-a bwg_lightbox\"  data-image-id=\"37\" href=\"https:\/\/www.heleneborg.se\/wp-content\/uploads\/photo-gallery\/imported_from_media_libray\/IMG_6263.jpg?bwg=1584548439\" data-elementor-open-lightbox=\"no\" >                <div class=\"bwg-item0 \">          <div class=\"bwg-item1 \">            <div class=\"bwg-item2\">              <img class=\"skip-lazy bwg_standart_thumb_img_2 \"                   data-id=\"37\"                   data-width=\"300\"                   data-height=\"200\"                   data-original=\"https:\/\/www.heleneborg.se\/wp-content\/uploads\/photo-gallery\/imported_from_media_libray\/thumb\/IMG_6263.jpg?bwg=1584548439\"                   src=\"https:\/\/www.heleneborg.se\/wp-content\/uploads\/photo-gallery\/imported_from_media_libray\/thumb\/IMG_6263.jpg?bwg=1584548439\"                   alt=\"IMG_6263\" \/>            <\/div>            <div class=\"\">                                                      <\/div>          <\/div>        <\/div>                        <\/a>              <\/div>            <div class=\"bwg-item\">        <a class=\"bwg-a bwg_lightbox\"  data-image-id=\"36\" href=\"https:\/\/www.heleneborg.se\/wp-content\/uploads\/photo-gallery\/imported_from_media_libray\/IMG_6276.jpg?bwg=1584548439\" data-elementor-open-lightbox=\"no\" >                <div class=\"bwg-item0 \">          <div class=\"bwg-item1 \">            <div class=\"bwg-item2\">              <img class=\"skip-lazy bwg_standart_thumb_img_2 \"                   data-id=\"36\"                   data-width=\"300\"                   data-height=\"200\"                   data-original=\"https:\/\/www.heleneborg.se\/wp-content\/uploads\/photo-gallery\/imported_from_media_libray\/thumb\/IMG_6276.jpg?bwg=1584548439\"                   src=\"https:\/\/www.heleneborg.se\/wp-content\/uploads\/photo-gallery\/imported_from_media_libray\/thumb\/IMG_6276.jpg?bwg=1584548439\"                   alt=\"IMG_6276\" \/>            <\/div>            <div class=\"\">                                                      <\/div>          <\/div>        <\/div>                        <\/a>              <\/div>            <div class=\"bwg-item\">        <a class=\"bwg-a bwg_lightbox\"  data-image-id=\"35\" href=\"https:\/\/www.heleneborg.se\/wp-content\/uploads\/photo-gallery\/imported_from_media_libray\/IMG_6283.jpg?bwg=1584548439\" data-elementor-open-lightbox=\"no\" >                <div class=\"bwg-item0 \">          <div class=\"bwg-item1 \">            <div class=\"bwg-item2\">              <img class=\"skip-lazy bwg_standart_thumb_img_2 \"                   data-id=\"35\"                   data-width=\"300\"                   data-height=\"200\"                   data-original=\"https:\/\/www.heleneborg.se\/wp-content\/uploads\/photo-gallery\/imported_from_media_libray\/thumb\/IMG_6283.jpg?bwg=1584548439\"                   src=\"https:\/\/www.heleneborg.se\/wp-content\/uploads\/photo-gallery\/imported_from_media_libray\/thumb\/IMG_6283.jpg?bwg=1584548439\"                   alt=\"IMG_6283\" \/>            <\/div>            <div class=\"\">                                                      <\/div>          <\/div>        <\/div>                        <\/a>              <\/div>            <div class=\"bwg-item\">        <a class=\"bwg-a bwg_lightbox\"  data-image-id=\"34\" href=\"https:\/\/www.heleneborg.se\/wp-content\/uploads\/photo-gallery\/imported_from_media_libray\/F_-Torbj\u00f6rn-Wennebro-KS-004.jpg?bwg=1584548439\" data-elementor-open-lightbox=\"no\" >                <div class=\"bwg-item0 \">          <div class=\"bwg-item1 \">            <div class=\"bwg-item2\">              <img class=\"skip-lazy bwg_standart_thumb_img_2 \"                   data-id=\"34\"                   data-width=\"300\"                   data-height=\"200\"                   data-original=\"https:\/\/www.heleneborg.se\/wp-content\/uploads\/photo-gallery\/imported_from_media_libray\/thumb\/F_-Torbj\u00f6rn-Wennebro-KS-004.jpg?bwg=1584548439\"                   src=\"https:\/\/www.heleneborg.se\/wp-content\/uploads\/photo-gallery\/imported_from_media_libray\/thumb\/F_-Torbj\u00f6rn-Wennebro-KS-004.jpg?bwg=1584548439\"                   alt=\"F_ Torbj\u00f6rn Wennebro KS 004\" \/>            <\/div>            <div class=\"\">                                                      <\/div>          <\/div>        <\/div>                        <\/a>              <\/div>          <\/div>    <style>      \/*pagination styles*\/      #bwg_container1_2 #bwg_container2_2 .tablenav-pages_2 {\t\t\t\ttext-align: center;\t\t\t\tfont-size: 12px;\t\t\t\tfont-family: segoe ui;\t\t\t\tfont-weight: bold;\t\t\t\tcolor: #666666;\t\t\t\tmargin: 6px 0 4px;\t\t\t\tdisplay: block;      }      @media only screen and (max-width : 320px) {      #bwg_container1_2 #bwg_container2_2 .displaying-num_2 {     \t display: none;      }      }      #bwg_container1_2 #bwg_container2_2 .displaying-num_2 {\t\t\t\tfont-size: 12px;\t\t\t\tfont-family: segoe ui;\t\t\t\tfont-weight: bold;\t\t\t\tcolor: #666666;\t\t\t\tmargin-right: 10px;\t\t\t\tvertical-align: middle;      }      #bwg_container1_2 #bwg_container2_2 .paging-input_2 {\t\t\t\tfont-size: 12px;\t\t\t\tfont-family: segoe ui;\t\t\t\tfont-weight: bold;\t\t\t\tcolor: #666666;\t\t\t\tvertical-align: middle;      }      #bwg_container1_2 #bwg_container2_2 .tablenav-pages_2 a.disabled,      #bwg_container1_2 #bwg_container2_2 .tablenav-pages_2 a.disabled:hover,      #bwg_container1_2 #bwg_container2_2 .tablenav-pages_2 a.disabled:focus,\t\t\t#bwg_container1_2 #bwg_container2_2 .tablenav-pages_2 input.bwg_current_page {\t\t\t\tcursor: default;\t\t\t\tcolor: rgba(102, 102, 102, 0.5);      }      #bwg_container1_2 #bwg_container2_2 .tablenav-pages_2 a,      #bwg_container1_2 #bwg_container2_2 .tablenav-pages_2 input.bwg_current_page {\t\t\t\tcursor: pointer;\t\t\t\ttext-align: center;\t\t\t\tfont-size: 12px;\t\t\t\tfont-family: segoe ui;\t\t\t\tfont-weight: bold;\t\t\t\tcolor: #666666;\t\t\t\ttext-decoration: none;\t\t\t\tpadding: 3px 6px;\t\t\t\tmargin: 0;\t\t\t\tborder-radius: 0;\t\t\t\tborder-style: solid;\t\t\t\tborder-width: 1px;\t\t\t\tborder-color: #E3E3E3;\t\t\t\tbackground-color: #FFFFFF;\t\t\t\topacity: 1.00;\t\t\t\tbox-shadow: 0;\t\t\t\ttransition: all 0.3s ease 0s;-webkit-transition: all 0.3s ease 0s;      }      <\/style>      <span class=\"bwg_nav_cont_2\">              <div class=\"tablenav-pages_2\">                  <\/div>                <input type=\"hidden\" id=\"page_number_2\" name=\"page_number_2\" value=\"1\" \/>      <script type=\"text\/javascript\">        function spider_page_2(cur, x, y, load_more) {          if (typeof load_more == \"undefined\") {            var load_more = false;          }          if (jQuery(cur).hasClass('disabled')) {            return false;          }          var items_county_2 = 1;          switch (y) {            case 1:              if (x >= items_county_2) {                document.getElementById('page_number_2').value = items_county_2;              }              else {                document.getElementById('page_number_2').value = x + 1;              }              break;            case 2:              document.getElementById('page_number_2').value = items_county_2;              break;            case -1:              if (x == 1) {                document.getElementById('page_number_2').value = 1;              }              else {                document.getElementById('page_number_2').value = x - 1;              }              break;            case -2:              document.getElementById('page_number_2').value = 1;              break;\t\t\t\t\t\tcase 0:              document.getElementById('page_number_2').value = x;              break;            default:              document.getElementById('page_number_2').value = 1;          }          bwg_ajax('gal_front_form_2', '2', 'bwg_thumbnails_2', '0', '', 'gallery', 0, '', '', load_more, '', 1);        }                    jQuery('.first-page-2').on('click', function () {              spider_page_2(this, 1, -2, 'numeric');              return false;            });            jQuery('.prev-page-2').on('click', function () {              spider_page_2(this, 1, -1, 'numeric');              return false;            });            jQuery('.next-page-2').on('click', function () {              spider_page_2(this, 1, 1, 'numeric');              return false;            });            jQuery('.last-page-2').on('click', function () {              spider_page_2(this, 1, 2, 'numeric');              return false;            });        \t\t\t\t\/* Change page on input enter. *\/        function bwg_change_page_2( e, that ) {          if (  e.key == 'Enter' ) {            var to_page = parseInt(jQuery(that).val());            var pages_count = jQuery(that).parents(\".pagination-links\").data(\"pages-count\");            var current_url_param = jQuery(that).attr('data-url-info');            if (to_page > pages_count) {              to_page = 1;            }\t \t\t\t\t\t\t\t\t\t\t\t\tspider_page_2(this, to_page, 0, 'numeric');\t\t\t\t\t\t\treturn false;\t\t\t\t\t\t          }          return true;        }        jQuery('.bwg_load_btn_2').on('click', function () {            spider_page_2(this, 1, 1, true);            return false;        });      <\/script>      <\/span>                <\/div>        <\/form>          <style>          #bwg_container1_2 #bwg_container2_2 #spider_popup_overlay_2 {          background-color: #000000;          opacity: 0.70;          }          <\/style>        <div id=\"bwg_spider_popup_loading_2\" class=\"bwg_spider_popup_loading\"><\/div>        <div id=\"spider_popup_overlay_2\" class=\"spider_popup_overlay\" onclick=\"spider_destroypopup(1000)\"><\/div>        <input type=\"hidden\" id=\"bwg_random_seed_2\" value=\"1252738716\">                <\/div>    <\/div>    <script>      if (document.readyState === 'complete') {        if( typeof bwg_main_ready == 'function' ) {          if ( jQuery(\"#bwg_container1_2\").height() ) {            bwg_main_ready(jQuery(\"#bwg_container1_2\"));          }        }      } else {        document.addEventListener('DOMContentLoaded', function() {          if( typeof bwg_main_ready == 'function' ) {            if ( jQuery(\"#bwg_container1_2\").height() ) {             bwg_main_ready(jQuery(\"#bwg_container1_2\"));            }          }        });      }    <\/script>    \n<p>&nbsp;<\/p>","protected":false},"excerpt":{"rendered":"<p>Unsere renovierten Stallungen bieten einen einzigartigen Rahmen f\u00fcr Tagungen und Versammlungen mit bis zu 15 Personen. Hier finden Sie antike Innenausstattung verbunden mit modernsten Technologien \u2014 Breitband (100 MBit), Beamer <a class=\"more-link\" href=\"https:\/\/www.heleneborg.se\/de\/conference-party\/\">Continue Reading \u2192<\/a><\/p>\n","protected":false},"author":1,"featured_media":340,"parent":0,"menu_order":0,"comment_status":"closed","ping_status":"closed","template":"","meta":[],"_links":{"self":[{"href":"https:\/\/www.heleneborg.se\/de\/wp-json\/wp\/v2\/pages\/48"}],"collection":[{"href":"https:\/\/www.heleneborg.se\/de\/wp-json\/wp\/v2\/pages"}],"about":[{"href":"https:\/\/www.heleneborg.se\/de\/wp-json\/wp\/v2\/types\/page"}],"author":[{"embeddable":true,"href":"https:\/\/www.heleneborg.se\/de\/wp-json\/wp\/v2\/users\/1"}],"replies":[{"embeddable":true,"href":"https:\/\/www.heleneborg.se\/de\/wp-json\/wp\/v2\/comments?post=48"}],"version-history":[{"count":14,"href":"https:\/\/www.heleneborg.se\/de\/wp-json\/wp\/v2\/pages\/48\/revisions"}],"predecessor-version":[{"id":416,"href":"https:\/\/www.heleneborg.se\/de\/wp-json\/wp\/v2\/pages\/48\/revisions\/416"}],"wp:featuredmedia":[{"embeddable":true,"href":"https:\/\/www.heleneborg.se\/de\/wp-json\/wp\/v2\/media\/340"}],"wp:attachment":[{"href":"https:\/\/www.heleneborg.se\/de\/wp-json\/wp\/v2\/media?parent=48"}],"curies":[{"name":"wp","href":"https:\/\/api.w.org\/{rel}","templated":true}]}}