{"id":226,"date":"2018-01-04T17:23:28","date_gmt":"2018-01-04T16:23:28","guid":{"rendered":"http:\/\/www.heleneborg.se\/?page_id=226"},"modified":"2020-03-22T16:17:32","modified_gmt":"2020-03-22T15:17:32","slug":"timrad-bagarstuga","status":"publish","type":"page","link":"https:\/\/www.heleneborg.se\/de\/timrad-bagarstuga\/","title":{"rendered":"Gezimmerten B\u00e4ckerei (ganzj\u00e4hrig)"},"content":{"rendered":"<p><strong>Einzigartige Unterkunft in einem renovierten Backhaus aus dem 19. Jahrhundert, sehr hoher Standard, an einer malerischen Lage.<\/strong><\/p>\n<p>H\u00e4uschen mit Giebeldach, Backofen und Holzofen. Gem\u00fctlicher Schlafboden mit zwei 80 cm breiten Betten. Sitzecke mit Sofa und zwei Sesseln, Esstisch, 40-Zoll-Flach-TV, Retro-Stil Multi-Audio-System. Der Backofen darf nicht von G\u00e4sten genutzt werden.<\/p>\n<p>Sehr gut ausgestattete K\u00fcche mit Herd, K\u00fchlschrank und Gefrierschrank, Geschirrsp\u00fcler und Mikrowelle.<\/p>\n<p>Badezimmer mit Waschbecken, Toilette und Dusche. Fu\u00dfbodenheizung.<\/p>\n<p class=\"tw-data-text tw-text-large tw-ta\" dir=\"ltr\" data-placeholder=\"\u00d6vers\u00e4ttning\"><span lang=\"de\">Angrenzender gem\u00fctlicher\u00a0<\/span><span lang=\"de\"><strong>Schlafkabine<\/strong>\u00a0<\/span><span lang=\"de\">mit Fu\u00dfbodenheizung und 2 90 cm Betten kann gegen Aufpreis gemietet werden. Siehe Preisliste.<\/span><\/p>\n<p><strong>Zus\u00e4tzliche Dienste:<\/strong><br \/>\nBettw\u00e4sche und Handt\u00fccher: 125 SEK \/ Person &#8211; Bitte w\u00e4hrend der Buchung bestellen.<br \/>\nEndreinigung: 500 SEK &#8211; Bitte w\u00e4hrend der Buchung bestellen.<\/p>\n<p><strong>Service:<\/strong><br \/>\nLebensmittelgesch\u00e4ft und Benzin in Tavelsj\u00f6 7 km, Autowerkstatt L\u00e5ngviken 10 km<\/p>\n<p><strong>Aktivit\u00e4ten in der unmittelbaren Umgebung:<\/strong><\/p>\n<p>Sommersaison:<br \/>\nGolf driving range (1 km), Angeln im Vindel\u00e4lven (4 km), Wanderweg Tavelsj\u00f6leden (7 km), Minigolf Tavelsj\u00f6 (10 km), Schwimmen im Hundsj\u00f6n (7 km) und Tavelsj\u00f6n (10 km), Minitierpark Nickelbo Farm (11km).<\/p>\n<p>Wintersaison:<br \/>\n20 km lange Eislaufbahn auf Tavelsj\u00f6n (10 km), Skilanglauf in Tavelsj\u00f6 (8 km) und R\u00f6d\u00e5sel (7 km), Skifahren in Buberget, Vindeln (30 km) und \u00c4ventyrsbacken Kassj\u00f6 (25 km).<\/p>\n<p>Weitere Informationen zu Unterk\u00fcnften, Aktivit\u00e4ten und Dienstleistungen finden Sie unter <a href=\"http:\/\/www.landsbygdsturism.se\">http:\/\/www.landsbygdsturism.se<\/a><\/p>\n<p>Rauchen nicht erlaubt. Keine Haustiere erlaubt.<\/p>\n<p><strong>Anfahrtsbeschreibung <\/strong><\/p>\n<p>Nehmen Sie die Stra\u00dfe 363 von Ume\u00e5 in Richtung Sorsele. Nach etwa 37 km biegen Sie bei R\u00f6d\u00e5n\u00e4s rechts ab Richtung Varmvattnet. Nach ca. 3 km, am Ende des Dorfes Kvarnsvedjan, biegen Sie am Schild V:a Varmvattnet\/Heleneborg rechts ab. Nach ca. 300 m biegen Sie erneut rechts ab in Richtung Heleneborg. Fahren Sie 1 km bis ans Ende der Stra\u00dfe. Das Backhaus ist geradeaus, die Vermieter finden Sie im Haus rechts (Nr. 26)<\/p>\n<div id=\"attachment_228\" style=\"width: 310px\" class=\"wp-caption alignnone\"><img aria-describedby=\"caption-attachment-228\" loading=\"lazy\" class=\"size-medium wp-image-228\" src=\"http:\/\/www.heleneborg.se\/wp-content\/uploads\/thumb_IMG_2543_1024-300x225.jpg\" alt=\"\" width=\"300\" height=\"225\" srcset=\"https:\/\/www.heleneborg.se\/wp-content\/uploads\/thumb_IMG_2543_1024-300x225.jpg 300w, https:\/\/www.heleneborg.se\/wp-content\/uploads\/thumb_IMG_2543_1024-768x576.jpg 768w, https:\/\/www.heleneborg.se\/wp-content\/uploads\/thumb_IMG_2543_1024.jpg 1024w\" sizes=\"(max-width: 300px) 100vw, 300px\" \/><p id=\"caption-attachment-228\" class=\"wp-caption-text\"><span lang=\"de\">Neu renovierte Ofen, Holzofen und Stairecase zum Schlafboden.<\/span><\/p><\/div>\n<div id=\"attachment_229\" style=\"width: 310px\" class=\"wp-caption alignnone\"><img aria-describedby=\"caption-attachment-229\" loading=\"lazy\" class=\"size-medium wp-image-229\" src=\"http:\/\/www.heleneborg.se\/wp-content\/uploads\/thumb_IMG_2545_1024-300x225.jpg\" alt=\"\" width=\"300\" height=\"225\" srcset=\"https:\/\/www.heleneborg.se\/wp-content\/uploads\/thumb_IMG_2545_1024-300x225.jpg 300w, https:\/\/www.heleneborg.se\/wp-content\/uploads\/thumb_IMG_2545_1024-768x576.jpg 768w, https:\/\/www.heleneborg.se\/wp-content\/uploads\/thumb_IMG_2545_1024.jpg 1024w\" sizes=\"(max-width: 300px) 100vw, 300px\" \/><p id=\"caption-attachment-229\" class=\"wp-caption-text\"><span lang=\"de\">Eingang zur gut ausgestatteten K\u00fcche<\/span><\/p><\/div>\n<div id=\"attachment_230\" style=\"width: 310px\" class=\"wp-caption alignnone\"><img aria-describedby=\"caption-attachment-230\" loading=\"lazy\" class=\"size-medium wp-image-230\" src=\"http:\/\/www.heleneborg.se\/wp-content\/uploads\/thumb_IMG_2546_1024-300x225.jpg\" alt=\"\" width=\"300\" height=\"225\" srcset=\"https:\/\/www.heleneborg.se\/wp-content\/uploads\/thumb_IMG_2546_1024-300x225.jpg 300w, https:\/\/www.heleneborg.se\/wp-content\/uploads\/thumb_IMG_2546_1024-768x576.jpg 768w, https:\/\/www.heleneborg.se\/wp-content\/uploads\/thumb_IMG_2546_1024.jpg 1024w\" sizes=\"(max-width: 300px) 100vw, 300px\" \/><p id=\"caption-attachment-230\" class=\"wp-caption-text\"><span lang=\"de\">Gem\u00fctlicher Schlafboden mit zwei 80 cm breiten Betten<\/span><\/p><\/div>\n<p><div id=\"attachment_231\" style=\"width: 310px\" class=\"wp-caption alignnone\"><img aria-describedby=\"caption-attachment-231\" loading=\"lazy\" class=\"size-medium wp-image-231\" src=\"http:\/\/www.heleneborg.se\/wp-content\/uploads\/thumb_IMG_2547_1024-300x225.jpg\" alt=\"\" width=\"300\" height=\"225\" srcset=\"https:\/\/www.heleneborg.se\/wp-content\/uploads\/thumb_IMG_2547_1024-300x225.jpg 300w, https:\/\/www.heleneborg.se\/wp-content\/uploads\/thumb_IMG_2547_1024-768x576.jpg 768w, https:\/\/www.heleneborg.se\/wp-content\/uploads\/thumb_IMG_2547_1024.jpg 1024w\" sizes=\"(max-width: 300px) 100vw, 300px\" \/><p id=\"caption-attachment-231\" class=\"wp-caption-text\"><span lang=\"de\">Blick vom Schlafboden des Essbereiches im Haupthaus<\/span><\/p><\/div><\/p>","protected":false},"excerpt":{"rendered":"<p>Einzigartige Unterkunft in einem renovierten Backhaus aus dem 19. Jahrhundert, sehr hoher Standard, an einer malerischen Lage. H\u00e4uschen mit Giebeldach, Backofen und Holzofen. Gem\u00fctlicher Schlafboden mit zwei 80 cm breiten <a class=\"more-link\" href=\"https:\/\/www.heleneborg.se\/de\/timrad-bagarstuga\/\">Continue Reading \u2192<\/a><\/p>\n","protected":false},"author":1,"featured_media":335,"parent":0,"menu_order":0,"comment_status":"closed","ping_status":"closed","template":"","meta":[],"_links":{"self":[{"href":"https:\/\/www.heleneborg.se\/de\/wp-json\/wp\/v2\/pages\/226"}],"collection":[{"href":"https:\/\/www.heleneborg.se\/de\/wp-json\/wp\/v2\/pages"}],"about":[{"href":"https:\/\/www.heleneborg.se\/de\/wp-json\/wp\/v2\/types\/page"}],"author":[{"embeddable":true,"href":"https:\/\/www.heleneborg.se\/de\/wp-json\/wp\/v2\/users\/1"}],"replies":[{"embeddable":true,"href":"https:\/\/www.heleneborg.se\/de\/wp-json\/wp\/v2\/comments?post=226"}],"version-history":[{"count":33,"href":"https:\/\/www.heleneborg.se\/de\/wp-json\/wp\/v2\/pages\/226\/revisions"}],"predecessor-version":[{"id":408,"href":"https:\/\/www.heleneborg.se\/de\/wp-json\/wp\/v2\/pages\/226\/revisions\/408"}],"wp:featuredmedia":[{"embeddable":true,"href":"https:\/\/www.heleneborg.se\/de\/wp-json\/wp\/v2\/media\/335"}],"wp:attachment":[{"href":"https:\/\/www.heleneborg.se\/de\/wp-json\/wp\/v2\/media?parent=226"}],"curies":[{"name":"wp","href":"https:\/\/api.w.org\/{rel}","templated":true}]}}